{"id":1462,"date":"2023-01-16T21:16:04","date_gmt":"2023-01-16T21:16:04","guid":{"rendered":"https:\/\/florimk.pl\/privacy-policy\/"},"modified":"2024-06-21T21:00:35","modified_gmt":"2024-06-21T21:00:35","slug":"privacy-policy","status":"publish","type":"page","link":"https:\/\/kwiaciarniaflori.pl\/en\/privacy-policy\/","title":{"rendered":"Privacy Policy"},"content":{"rendered":"\t\t<div data-elementor-type=\"wp-page\" data-elementor-id=\"1462\" class=\"elementor elementor-1462 elementor-3\" data-elementor-post-type=\"page\">\n\t\t\t\t\t\t\t<div class=\"elementor-element elementor-element-7d7541f6 e-flex e-con-boxed e-con e-parent\" data-id=\"7d7541f6\" data-element_type=\"container\" data-settings=\"{&quot;container_type&quot;:&quot;flex&quot;,&quot;content_width&quot;:&quot;boxed&quot;}\" data-core-v316-plus=\"true\">\n\t\t\t\t\t<div class=\"e-con-inner\">\n\t\t\t\t<div class=\"elementor-element elementor-element-7b82fc0 elementor-widget elementor-widget-heading\" data-id=\"7b82fc0\" data-element_type=\"widget\" data-widget_type=\"heading.default\">\n\t\t\t\t<div class=\"elementor-widget-container\">\n\t\t\t<style>\/*! elementor - v3.17.0 - 08-11-2023 *\/\n.elementor-heading-title{padding:0;margin:0;line-height:1}.elementor-widget-heading .elementor-heading-title[class*=elementor-size-]>a{color:inherit;font-size:inherit;line-height:inherit}.elementor-widget-heading .elementor-heading-title.elementor-size-small{font-size:15px}.elementor-widget-heading .elementor-heading-title.elementor-size-medium{font-size:19px}.elementor-widget-heading .elementor-heading-title.elementor-size-large{font-size:29px}.elementor-widget-heading .elementor-heading-title.elementor-size-xl{font-size:39px}.elementor-widget-heading .elementor-heading-title.elementor-size-xxl{font-size:59px}<\/style><h2 class=\"elementor-heading-title elementor-size-default\">Privacy Policy<\/h2>\t\t<\/div>\n\t\t\t\t<\/div>\n\t\t\t\t<div class=\"elementor-element elementor-element-610c8177 elementor-widget elementor-widget-text-editor\" data-id=\"610c8177\" data-element_type=\"widget\" data-widget_type=\"text-editor.default\">\n\t\t\t\t<div class=\"elementor-widget-container\">\n\t\t\t<style>\/*! elementor - v3.17.0 - 08-11-2023 *\/\n.elementor-widget-text-editor.elementor-drop-cap-view-stacked .elementor-drop-cap{background-color:#69727d;color:#fff}.elementor-widget-text-editor.elementor-drop-cap-view-framed .elementor-drop-cap{color:#69727d;border:3px solid;background-color:transparent}.elementor-widget-text-editor:not(.elementor-drop-cap-view-default) .elementor-drop-cap{margin-top:8px}.elementor-widget-text-editor:not(.elementor-drop-cap-view-default) .elementor-drop-cap-letter{width:1em;height:1em}.elementor-widget-text-editor .elementor-drop-cap{float:left;text-align:center;line-height:1;font-size:50px}.elementor-widget-text-editor .elementor-drop-cap-letter{display:inline-block}<\/style>\t\t\t\t<p>Privacy Policy<\/p>\n<p>1. introduction<\/p>\n<p>This Privacy Policy sets out the rules for the processing and protection of personal data provided by Users in connection with the use of the services of the Flori MK online florist.<\/p>\n<p>2. personal data controller<\/p>\n<p>The administrator of the personal data is Anabella Anna Mazur, based in D\u0119be Wielkie, 131 Polna St., with NIP number 6581727160 and REGON number 361322557.<\/p>\n<p>3. collection and processing of personal data<\/p>\n<p>1 Flori MK Florist collects information voluntarily provided by users.<br \/>(2) Personal data shall be processed for the purpose of fulfilling the order, and in case of consent &#8211; also for marketing purposes.<br \/>(3) Each user has the right to access the content of his data and to correct and delete them.<\/p>\n<p>4. sharing of personal data<\/p>\n<p>Users&#8217; personal data may be shared with cooperating entities only for the purposes of order processing, such as payment operators &#8211; PayU, and for statistical and advertising campaigns, such as Google Analytics, Google Ads.<\/p>\n<p>5. rights of the data subject<\/p>\n<p>You have the right to request from the controller access to your personal data, rectification, erasure or restriction of processing, as well as the right to object to processing, and the right to data portability.<\/p>\n<p>6. privacy policy changes<\/p>\n<p>Flori MK Florist reserves the right to make changes to the Privacy Policy.<\/p>\n\t\t\t\t\t\t<\/div>\n\t\t\t\t<\/div>\n\t\t\t\t\t<\/div>\n\t\t\t\t<\/div>\n\t\t\t\t\t\t\t<\/div>\n\t\t","protected":false},"excerpt":{"rendered":"<p>Privacy Policy Privacy Policy 1. introduction This Privacy Policy sets out the rules for the processing and protection of personal data provided by Users in connection with the use of the services of the Flori MK online florist. 2. personal data controller The administrator of the personal data is Anabella Anna Mazur, based in D\u0119be &hellip;<\/p>\n<p class=\"read-more\"> <a class=\"\" href=\"https:\/\/kwiaciarniaflori.pl\/en\/privacy-policy\/\"> <span class=\"screen-reader-text\">Privacy Policy<\/span> Read More \u00bb<\/a><\/p>\n","protected":false},"author":1,"featured_media":0,"parent":0,"menu_order":0,"comment_status":"closed","ping_status":"open","template":"","meta":{"site-sidebar-layout":"default","site-content-layout":"default","ast-global-header-display":"","ast-main-header-display":"","ast-hfb-above-header-display":"","ast-hfb-below-header-display":"","ast-hfb-mobile-header-display":"","site-post-title":"","ast-breadcrumbs-content":"","ast-featured-img":"","footer-sml-layout":"","theme-transparent-header-meta":"","adv-header-id-meta":"","stick-header-meta":"","header-above-stick-meta":"","header-main-stick-meta":"","header-below-stick-meta":"","footnotes":""},"class_list":["post-1462","page","type-page","status-publish","hentry"],"yoast_head":"<!-- This site is optimized with the Yoast SEO plugin v23.9 - https:\/\/yoast.com\/wordpress\/plugins\/seo\/ -->\n<title>Privacy Policy<\/title>\n<meta name=\"robots\" content=\"index, follow, max-snippet:-1, max-image-preview:large, max-video-preview:-1\" \/>\n<link rel=\"canonical\" href=\"https:\/\/kwiaciarniaflori.pl\/en\/privacy-policy\/\" \/>\n<meta property=\"og:locale\" content=\"en_US\" \/>\n<meta property=\"og:type\" content=\"article\" \/>\n<meta property=\"og:title\" content=\"Privacy Policy\" \/>\n<meta property=\"og:description\" content=\"Privacy Policy Privacy Policy 1. introduction This Privacy Policy sets out the rules for the processing and protection of personal data provided by Users in connection with the use of the services of the Flori MK online florist. 2. personal data controller The administrator of the personal data is Anabella Anna Mazur, based in D\u0119be &hellip; Privacy Policy Read More \u00bb\" \/>\n<meta property=\"og:url\" content=\"https:\/\/kwiaciarniaflori.pl\/en\/privacy-policy\/\" \/>\n<meta property=\"og:site_name\" content=\"Kwiaciarnia Flori\" \/>\n<meta property=\"article:publisher\" content=\"https:\/\/www.facebook.com\/kwiatowyprzystanek\" \/>\n<meta property=\"article:modified_time\" content=\"2024-06-21T21:00:35+00:00\" \/>\n<meta name=\"twitter:card\" content=\"summary_large_image\" \/>\n<meta name=\"twitter:label1\" content=\"Est. reading time\" \/>\n\t<meta name=\"twitter:data1\" content=\"1 minute\" \/>\n<script type=\"application\/ld+json\" class=\"yoast-schema-graph\">{\"@context\":\"https:\/\/schema.org\",\"@graph\":[{\"@type\":\"WebPage\",\"@id\":\"https:\/\/kwiaciarniaflori.pl\/en\/privacy-policy\/\",\"url\":\"https:\/\/kwiaciarniaflori.pl\/en\/privacy-policy\/\",\"name\":\"Privacy Policy\",\"isPartOf\":{\"@id\":\"https:\/\/kwiaciarniaflori.pl\/en\/#website\"},\"datePublished\":\"2023-01-16T21:16:04+00:00\",\"dateModified\":\"2024-06-21T21:00:35+00:00\",\"breadcrumb\":{\"@id\":\"https:\/\/kwiaciarniaflori.pl\/en\/privacy-policy\/#breadcrumb\"},\"inLanguage\":\"en-US\",\"potentialAction\":[{\"@type\":\"ReadAction\",\"target\":[\"https:\/\/kwiaciarniaflori.pl\/en\/privacy-policy\/\"]}]},{\"@type\":\"BreadcrumbList\",\"@id\":\"https:\/\/kwiaciarniaflori.pl\/en\/privacy-policy\/#breadcrumb\",\"itemListElement\":[{\"@type\":\"ListItem\",\"position\":1,\"name\":\"Strona g\u0142\u00f3wna\",\"item\":\"https:\/\/kwiaciarniaflori.pl\/en\/?page_id=1477\"},{\"@type\":\"ListItem\",\"position\":2,\"name\":\"Privacy Policy\"}]},{\"@type\":\"WebSite\",\"@id\":\"https:\/\/kwiaciarniaflori.pl\/en\/#website\",\"url\":\"https:\/\/kwiaciarniaflori.pl\/en\/\",\"name\":\"Kwiaciarnia Flori\",\"description\":\"Kwiaty na ka\u017cd\u0105 okazj\u0119\",\"publisher\":{\"@id\":\"https:\/\/kwiaciarniaflori.pl\/en\/#organization\"},\"potentialAction\":[{\"@type\":\"SearchAction\",\"target\":{\"@type\":\"EntryPoint\",\"urlTemplate\":\"https:\/\/kwiaciarniaflori.pl\/en\/?s={search_term_string}\"},\"query-input\":{\"@type\":\"PropertyValueSpecification\",\"valueRequired\":true,\"valueName\":\"search_term_string\"}}],\"inLanguage\":\"en-US\"},{\"@type\":\"Organization\",\"@id\":\"https:\/\/kwiaciarniaflori.pl\/en\/#organization\",\"name\":\"Kwiaciarnia Flori\",\"url\":\"https:\/\/kwiaciarniaflori.pl\/en\/\",\"logo\":{\"@type\":\"ImageObject\",\"inLanguage\":\"en-US\",\"@id\":\"https:\/\/kwiaciarniaflori.pl\/en\/#\/schema\/logo\/image\/\",\"url\":\"https:\/\/kwiaciarniaflori.pl\/wp-content\/uploads\/2025\/09\/cropped-logo-flori.png\",\"contentUrl\":\"https:\/\/kwiaciarniaflori.pl\/wp-content\/uploads\/2025\/09\/cropped-logo-flori.png\",\"width\":500,\"height\":191,\"caption\":\"Kwiaciarnia Flori\"},\"image\":{\"@id\":\"https:\/\/kwiaciarniaflori.pl\/en\/#\/schema\/logo\/image\/\"},\"sameAs\":[\"https:\/\/www.facebook.com\/kwiatowyprzystanek\",\"https:\/\/www.instagram.com\/flori_monikakaminska\/\",\"https:\/\/www.tiktok.com\/@flori.mk.flowers\"]}]}<\/script>\n<!-- \/ Yoast SEO plugin. -->","yoast_head_json":{"title":"Privacy Policy","robots":{"index":"index","follow":"follow","max-snippet":"max-snippet:-1","max-image-preview":"max-image-preview:large","max-video-preview":"max-video-preview:-1"},"canonical":"https:\/\/kwiaciarniaflori.pl\/en\/privacy-policy\/","og_locale":"en_US","og_type":"article","og_title":"Privacy Policy","og_description":"Privacy Policy Privacy Policy 1. introduction This Privacy Policy sets out the rules for the processing and protection of personal data provided by Users in connection with the use of the services of the Flori MK online florist. 2. personal data controller The administrator of the personal data is Anabella Anna Mazur, based in D\u0119be &hellip; Privacy Policy Read More \u00bb","og_url":"https:\/\/kwiaciarniaflori.pl\/en\/privacy-policy\/","og_site_name":"Kwiaciarnia Flori","article_publisher":"https:\/\/www.facebook.com\/kwiatowyprzystanek","article_modified_time":"2024-06-21T21:00:35+00:00","twitter_card":"summary_large_image","twitter_misc":{"Est. reading time":"1 minute"},"schema":{"@context":"https:\/\/schema.org","@graph":[{"@type":"WebPage","@id":"https:\/\/kwiaciarniaflori.pl\/en\/privacy-policy\/","url":"https:\/\/kwiaciarniaflori.pl\/en\/privacy-policy\/","name":"Privacy Policy","isPartOf":{"@id":"https:\/\/kwiaciarniaflori.pl\/en\/#website"},"datePublished":"2023-01-16T21:16:04+00:00","dateModified":"2024-06-21T21:00:35+00:00","breadcrumb":{"@id":"https:\/\/kwiaciarniaflori.pl\/en\/privacy-policy\/#breadcrumb"},"inLanguage":"en-US","potentialAction":[{"@type":"ReadAction","target":["https:\/\/kwiaciarniaflori.pl\/en\/privacy-policy\/"]}]},{"@type":"BreadcrumbList","@id":"https:\/\/kwiaciarniaflori.pl\/en\/privacy-policy\/#breadcrumb","itemListElement":[{"@type":"ListItem","position":1,"name":"Strona g\u0142\u00f3wna","item":"https:\/\/kwiaciarniaflori.pl\/en\/?page_id=1477"},{"@type":"ListItem","position":2,"name":"Privacy Policy"}]},{"@type":"WebSite","@id":"https:\/\/kwiaciarniaflori.pl\/en\/#website","url":"https:\/\/kwiaciarniaflori.pl\/en\/","name":"Kwiaciarnia Flori","description":"Kwiaty na ka\u017cd\u0105 okazj\u0119","publisher":{"@id":"https:\/\/kwiaciarniaflori.pl\/en\/#organization"},"potentialAction":[{"@type":"SearchAction","target":{"@type":"EntryPoint","urlTemplate":"https:\/\/kwiaciarniaflori.pl\/en\/?s={search_term_string}"},"query-input":{"@type":"PropertyValueSpecification","valueRequired":true,"valueName":"search_term_string"}}],"inLanguage":"en-US"},{"@type":"Organization","@id":"https:\/\/kwiaciarniaflori.pl\/en\/#organization","name":"Kwiaciarnia Flori","url":"https:\/\/kwiaciarniaflori.pl\/en\/","logo":{"@type":"ImageObject","inLanguage":"en-US","@id":"https:\/\/kwiaciarniaflori.pl\/en\/#\/schema\/logo\/image\/","url":"https:\/\/kwiaciarniaflori.pl\/wp-content\/uploads\/2025\/09\/cropped-logo-flori.png","contentUrl":"https:\/\/kwiaciarniaflori.pl\/wp-content\/uploads\/2025\/09\/cropped-logo-flori.png","width":500,"height":191,"caption":"Kwiaciarnia Flori"},"image":{"@id":"https:\/\/kwiaciarniaflori.pl\/en\/#\/schema\/logo\/image\/"},"sameAs":["https:\/\/www.facebook.com\/kwiatowyprzystanek","https:\/\/www.instagram.com\/flori_monikakaminska\/","https:\/\/www.tiktok.com\/@flori.mk.flowers"]}]}},"_links":{"self":[{"href":"https:\/\/kwiaciarniaflori.pl\/en\/wp-json\/wp\/v2\/pages\/1462","targetHints":{"allow":["GET"]}}],"collection":[{"href":"https:\/\/kwiaciarniaflori.pl\/en\/wp-json\/wp\/v2\/pages"}],"about":[{"href":"https:\/\/kwiaciarniaflori.pl\/en\/wp-json\/wp\/v2\/types\/page"}],"author":[{"embeddable":true,"href":"https:\/\/kwiaciarniaflori.pl\/en\/wp-json\/wp\/v2\/users\/1"}],"replies":[{"embeddable":true,"href":"https:\/\/kwiaciarniaflori.pl\/en\/wp-json\/wp\/v2\/comments?post=1462"}],"version-history":[{"count":2,"href":"https:\/\/kwiaciarniaflori.pl\/en\/wp-json\/wp\/v2\/pages\/1462\/revisions"}],"predecessor-version":[{"id":1467,"href":"https:\/\/kwiaciarniaflori.pl\/en\/wp-json\/wp\/v2\/pages\/1462\/revisions\/1467"}],"wp:attachment":[{"href":"https:\/\/kwiaciarniaflori.pl\/en\/wp-json\/wp\/v2\/media?parent=1462"}],"curies":[{"name":"wp","href":"https:\/\/api.w.org\/{rel}","templated":true}]}}