{"id":1552,"date":"2023-12-04T15:25:25","date_gmt":"2023-12-04T15:25:25","guid":{"rendered":"https:\/\/florimk.pl\/kwiaty\/company-ticket-for-composition\/"},"modified":"2024-06-21T21:02:02","modified_gmt":"2024-06-21T21:02:02","slug":"company-ticket-for-composition","status":"publish","type":"product","link":"https:\/\/kwiaciarniaflori.pl\/en\/kwiaty\/company-ticket-for-composition\/","title":{"rendered":"Company ticket for composition"},"content":{"rendered":"<p>Add a ticket to your composition, we will write your words on it.<\/p>\n","protected":false},"excerpt":{"rendered":"<p>Add a ticket to your composition, we will write your words on it.<\/p>\n","protected":false},"featured_media":1404,"comment_status":"open","ping_status":"closed","template":"","meta":{"site-sidebar-layout":"default","site-content-layout":"default","ast-global-header-display":"","ast-main-header-display":"","ast-hfb-above-header-display":"","ast-hfb-below-header-display":"","ast-hfb-mobile-header-display":"","site-post-title":"","ast-breadcrumbs-content":"","ast-featured-img":"","footer-sml-layout":"","theme-transparent-header-meta":"default","adv-header-id-meta":"","stick-header-meta":"default","header-above-stick-meta":"","header-main-stick-meta":"","header-below-stick-meta":""},"product_cat":[297],"product_tag":[],"class_list":{"0":"post-1552","1":"product","2":"type-product","3":"status-publish","4":"has-post-thumbnail","6":"product_cat-extras","7":"desktop-align-left","8":"tablet-align-left","9":"mobile-align-left","10":"ast-product-gallery-layout-horizontal-slider","11":"ast-product-gallery-with-no-image","12":"ast-product-tabs-layout-horizontal","14":"first","15":"instock","16":"taxable","17":"shipping-taxable","18":"purchasable","19":"product-type-simple"},"yoast_head":"<!-- This site is optimized with the Yoast SEO plugin v23.9 - https:\/\/yoast.com\/wordpress\/plugins\/seo\/ -->\n<title>Company ticket for composition - Kwiaciarnia Flori<\/title>\n<meta name=\"robots\" content=\"index, follow, max-snippet:-1, max-image-preview:large, max-video-preview:-1\" \/>\n<link rel=\"canonical\" href=\"https:\/\/kwiaciarniaflori.pl\/en\/kwiaty\/company-ticket-for-composition\/\" \/>\n<meta property=\"og:locale\" content=\"en_US\" \/>\n<meta property=\"og:type\" content=\"article\" \/>\n<meta property=\"og:title\" content=\"Company ticket for composition - Kwiaciarnia Flori\" \/>\n<meta property=\"og:description\" content=\"Add a ticket to your composition, we will write your words on it.\" \/>\n<meta property=\"og:url\" content=\"https:\/\/kwiaciarniaflori.pl\/en\/kwiaty\/company-ticket-for-composition\/\" \/>\n<meta property=\"og:site_name\" content=\"Kwiaciarnia Flori\" \/>\n<meta property=\"article:publisher\" content=\"https:\/\/www.facebook.com\/kwiatowyprzystanek\" \/>\n<meta property=\"article:modified_time\" content=\"2024-06-21T21:02:02+00:00\" \/>\n<meta property=\"og:image\" content=\"https:\/\/kwiaciarniaflori.pl\/wp-content\/uploads\/2023\/12\/bilecik-do-bukietu.jpeg\" \/>\n\t<meta property=\"og:image:width\" content=\"600\" \/>\n\t<meta property=\"og:image:height\" content=\"400\" \/>\n\t<meta property=\"og:image:type\" content=\"image\/jpeg\" \/>\n<meta name=\"twitter:card\" content=\"summary_large_image\" \/>\n<script type=\"application\/ld+json\" class=\"yoast-schema-graph\">{\"@context\":\"https:\/\/schema.org\",\"@graph\":[{\"@type\":\"WebPage\",\"@id\":\"https:\/\/kwiaciarniaflori.pl\/en\/kwiaty\/company-ticket-for-composition\/\",\"url\":\"https:\/\/kwiaciarniaflori.pl\/en\/kwiaty\/company-ticket-for-composition\/\",\"name\":\"Company ticket for composition - Kwiaciarnia Flori\",\"isPartOf\":{\"@id\":\"https:\/\/kwiaciarniaflori.pl\/en\/#website\"},\"primaryImageOfPage\":{\"@id\":\"https:\/\/kwiaciarniaflori.pl\/en\/kwiaty\/company-ticket-for-composition\/#primaryimage\"},\"image\":{\"@id\":\"https:\/\/kwiaciarniaflori.pl\/en\/kwiaty\/company-ticket-for-composition\/#primaryimage\"},\"thumbnailUrl\":\"https:\/\/kwiaciarniaflori.pl\/wp-content\/uploads\/2023\/12\/bilecik-do-bukietu.jpeg\",\"datePublished\":\"2023-12-04T15:25:25+00:00\",\"dateModified\":\"2024-06-21T21:02:02+00:00\",\"breadcrumb\":{\"@id\":\"https:\/\/kwiaciarniaflori.pl\/en\/kwiaty\/company-ticket-for-composition\/#breadcrumb\"},\"inLanguage\":\"en-US\",\"potentialAction\":[{\"@type\":\"ReadAction\",\"target\":[\"https:\/\/kwiaciarniaflori.pl\/en\/kwiaty\/company-ticket-for-composition\/\"]}]},{\"@type\":\"ImageObject\",\"inLanguage\":\"en-US\",\"@id\":\"https:\/\/kwiaciarniaflori.pl\/en\/kwiaty\/company-ticket-for-composition\/#primaryimage\",\"url\":\"https:\/\/kwiaciarniaflori.pl\/wp-content\/uploads\/2023\/12\/bilecik-do-bukietu.jpeg\",\"contentUrl\":\"https:\/\/kwiaciarniaflori.pl\/wp-content\/uploads\/2023\/12\/bilecik-do-bukietu.jpeg\",\"width\":600,\"height\":400,\"caption\":\"Ticket to the bouquet\"},{\"@type\":\"BreadcrumbList\",\"@id\":\"https:\/\/kwiaciarniaflori.pl\/en\/kwiaty\/company-ticket-for-composition\/#breadcrumb\",\"itemListElement\":[{\"@type\":\"ListItem\",\"position\":1,\"name\":\"Strona g\u0142\u00f3wna\",\"item\":\"https:\/\/kwiaciarniaflori.pl\/en\/?page_id=1477\"},{\"@type\":\"ListItem\",\"position\":2,\"name\":\"Shop\",\"item\":\"https:\/\/kwiaciarniaflori.pl\/en\/shop\/\"},{\"@type\":\"ListItem\",\"position\":3,\"name\":\"Company ticket for composition\"}]},{\"@type\":\"WebSite\",\"@id\":\"https:\/\/kwiaciarniaflori.pl\/en\/#website\",\"url\":\"https:\/\/kwiaciarniaflori.pl\/en\/\",\"name\":\"Kwiaciarnia Flori\",\"description\":\"Kwiaty na ka\u017cd\u0105 okazj\u0119\",\"publisher\":{\"@id\":\"https:\/\/kwiaciarniaflori.pl\/en\/#organization\"},\"potentialAction\":[{\"@type\":\"SearchAction\",\"target\":{\"@type\":\"EntryPoint\",\"urlTemplate\":\"https:\/\/kwiaciarniaflori.pl\/en\/?s={search_term_string}\"},\"query-input\":{\"@type\":\"PropertyValueSpecification\",\"valueRequired\":true,\"valueName\":\"search_term_string\"}}],\"inLanguage\":\"en-US\"},{\"@type\":\"Organization\",\"@id\":\"https:\/\/kwiaciarniaflori.pl\/en\/#organization\",\"name\":\"Kwiaciarnia Flori\",\"url\":\"https:\/\/kwiaciarniaflori.pl\/en\/\",\"logo\":{\"@type\":\"ImageObject\",\"inLanguage\":\"en-US\",\"@id\":\"https:\/\/kwiaciarniaflori.pl\/en\/#\/schema\/logo\/image\/\",\"url\":\"https:\/\/kwiaciarniaflori.pl\/wp-content\/uploads\/2025\/09\/cropped-logo-flori.png\",\"contentUrl\":\"https:\/\/kwiaciarniaflori.pl\/wp-content\/uploads\/2025\/09\/cropped-logo-flori.png\",\"width\":500,\"height\":191,\"caption\":\"Kwiaciarnia Flori\"},\"image\":{\"@id\":\"https:\/\/kwiaciarniaflori.pl\/en\/#\/schema\/logo\/image\/\"},\"sameAs\":[\"https:\/\/www.facebook.com\/kwiatowyprzystanek\",\"https:\/\/www.instagram.com\/flori_monikakaminska\/\",\"https:\/\/www.tiktok.com\/@flori.mk.flowers\"]}]}<\/script>\n<!-- \/ Yoast SEO plugin. -->","yoast_head_json":{"title":"Company ticket for composition - Kwiaciarnia Flori","robots":{"index":"index","follow":"follow","max-snippet":"max-snippet:-1","max-image-preview":"max-image-preview:large","max-video-preview":"max-video-preview:-1"},"canonical":"https:\/\/kwiaciarniaflori.pl\/en\/kwiaty\/company-ticket-for-composition\/","og_locale":"en_US","og_type":"article","og_title":"Company ticket for composition - Kwiaciarnia Flori","og_description":"Add a ticket to your composition, we will write your words on it.","og_url":"https:\/\/kwiaciarniaflori.pl\/en\/kwiaty\/company-ticket-for-composition\/","og_site_name":"Kwiaciarnia Flori","article_publisher":"https:\/\/www.facebook.com\/kwiatowyprzystanek","article_modified_time":"2024-06-21T21:02:02+00:00","og_image":[{"width":600,"height":400,"url":"https:\/\/kwiaciarniaflori.pl\/wp-content\/uploads\/2023\/12\/bilecik-do-bukietu.jpeg","type":"image\/jpeg"}],"twitter_card":"summary_large_image","schema":{"@context":"https:\/\/schema.org","@graph":[{"@type":"WebPage","@id":"https:\/\/kwiaciarniaflori.pl\/en\/kwiaty\/company-ticket-for-composition\/","url":"https:\/\/kwiaciarniaflori.pl\/en\/kwiaty\/company-ticket-for-composition\/","name":"Company ticket for composition - Kwiaciarnia Flori","isPartOf":{"@id":"https:\/\/kwiaciarniaflori.pl\/en\/#website"},"primaryImageOfPage":{"@id":"https:\/\/kwiaciarniaflori.pl\/en\/kwiaty\/company-ticket-for-composition\/#primaryimage"},"image":{"@id":"https:\/\/kwiaciarniaflori.pl\/en\/kwiaty\/company-ticket-for-composition\/#primaryimage"},"thumbnailUrl":"https:\/\/kwiaciarniaflori.pl\/wp-content\/uploads\/2023\/12\/bilecik-do-bukietu.jpeg","datePublished":"2023-12-04T15:25:25+00:00","dateModified":"2024-06-21T21:02:02+00:00","breadcrumb":{"@id":"https:\/\/kwiaciarniaflori.pl\/en\/kwiaty\/company-ticket-for-composition\/#breadcrumb"},"inLanguage":"en-US","potentialAction":[{"@type":"ReadAction","target":["https:\/\/kwiaciarniaflori.pl\/en\/kwiaty\/company-ticket-for-composition\/"]}]},{"@type":"ImageObject","inLanguage":"en-US","@id":"https:\/\/kwiaciarniaflori.pl\/en\/kwiaty\/company-ticket-for-composition\/#primaryimage","url":"https:\/\/kwiaciarniaflori.pl\/wp-content\/uploads\/2023\/12\/bilecik-do-bukietu.jpeg","contentUrl":"https:\/\/kwiaciarniaflori.pl\/wp-content\/uploads\/2023\/12\/bilecik-do-bukietu.jpeg","width":600,"height":400,"caption":"Ticket to the bouquet"},{"@type":"BreadcrumbList","@id":"https:\/\/kwiaciarniaflori.pl\/en\/kwiaty\/company-ticket-for-composition\/#breadcrumb","itemListElement":[{"@type":"ListItem","position":1,"name":"Strona g\u0142\u00f3wna","item":"https:\/\/kwiaciarniaflori.pl\/en\/?page_id=1477"},{"@type":"ListItem","position":2,"name":"Shop","item":"https:\/\/kwiaciarniaflori.pl\/en\/shop\/"},{"@type":"ListItem","position":3,"name":"Company ticket for composition"}]},{"@type":"WebSite","@id":"https:\/\/kwiaciarniaflori.pl\/en\/#website","url":"https:\/\/kwiaciarniaflori.pl\/en\/","name":"Kwiaciarnia Flori","description":"Kwiaty na ka\u017cd\u0105 okazj\u0119","publisher":{"@id":"https:\/\/kwiaciarniaflori.pl\/en\/#organization"},"potentialAction":[{"@type":"SearchAction","target":{"@type":"EntryPoint","urlTemplate":"https:\/\/kwiaciarniaflori.pl\/en\/?s={search_term_string}"},"query-input":{"@type":"PropertyValueSpecification","valueRequired":true,"valueName":"search_term_string"}}],"inLanguage":"en-US"},{"@type":"Organization","@id":"https:\/\/kwiaciarniaflori.pl\/en\/#organization","name":"Kwiaciarnia Flori","url":"https:\/\/kwiaciarniaflori.pl\/en\/","logo":{"@type":"ImageObject","inLanguage":"en-US","@id":"https:\/\/kwiaciarniaflori.pl\/en\/#\/schema\/logo\/image\/","url":"https:\/\/kwiaciarniaflori.pl\/wp-content\/uploads\/2025\/09\/cropped-logo-flori.png","contentUrl":"https:\/\/kwiaciarniaflori.pl\/wp-content\/uploads\/2025\/09\/cropped-logo-flori.png","width":500,"height":191,"caption":"Kwiaciarnia Flori"},"image":{"@id":"https:\/\/kwiaciarniaflori.pl\/en\/#\/schema\/logo\/image\/"},"sameAs":["https:\/\/www.facebook.com\/kwiatowyprzystanek","https:\/\/www.instagram.com\/flori_monikakaminska\/","https:\/\/www.tiktok.com\/@flori.mk.flowers"]}]}},"_links":{"self":[{"href":"https:\/\/kwiaciarniaflori.pl\/en\/wp-json\/wp\/v2\/product\/1552","targetHints":{"allow":["GET"]}}],"collection":[{"href":"https:\/\/kwiaciarniaflori.pl\/en\/wp-json\/wp\/v2\/product"}],"about":[{"href":"https:\/\/kwiaciarniaflori.pl\/en\/wp-json\/wp\/v2\/types\/product"}],"replies":[{"embeddable":true,"href":"https:\/\/kwiaciarniaflori.pl\/en\/wp-json\/wp\/v2\/comments?post=1552"}],"version-history":[{"count":1,"href":"https:\/\/kwiaciarniaflori.pl\/en\/wp-json\/wp\/v2\/product\/1552\/revisions"}],"predecessor-version":[{"id":1554,"href":"https:\/\/kwiaciarniaflori.pl\/en\/wp-json\/wp\/v2\/product\/1552\/revisions\/1554"}],"wp:featuredmedia":[{"embeddable":true,"href":"https:\/\/kwiaciarniaflori.pl\/en\/wp-json\/wp\/v2\/media\/1404"}],"wp:attachment":[{"href":"https:\/\/kwiaciarniaflori.pl\/en\/wp-json\/wp\/v2\/media?parent=1552"}],"wp:term":[{"taxonomy":"product_cat","embeddable":true,"href":"https:\/\/kwiaciarniaflori.pl\/en\/wp-json\/wp\/v2\/product_cat?post=1552"},{"taxonomy":"product_tag","embeddable":true,"href":"https:\/\/kwiaciarniaflori.pl\/en\/wp-json\/wp\/v2\/product_tag?post=1552"}],"curies":[{"name":"wp","href":"https:\/\/api.w.org\/{rel}","templated":true}]}}