{"id":2016,"date":"2023-04-02T19:27:01","date_gmt":"2023-04-02T19:27:01","guid":{"rendered":"https:\/\/florimk.pl\/kwiaty\/floribox-amaranth-mix\/"},"modified":"2024-06-21T21:04:01","modified_gmt":"2024-06-21T21:04:01","slug":"floribox-amaranth-mix","status":"publish","type":"product","link":"https:\/\/kwiaciarniaflori.pl\/en\/kwiaty\/floribox-amaranth-mix\/","title":{"rendered":"FloriBox amaranth MIX"},"content":{"rendered":"<p>Flowerbox flowers in amaranth color MIX. The composition from the photo is in the &#8220;very large&#8221; size.<\/p>\n<p>The composition is made in a high-quality velour box, the flowers have constant access<br \/>\ninto the water, are arranged in a wet florist sponge.<\/p>\n","protected":false},"excerpt":{"rendered":"<p>Flowerbox flowers in amaranth color MIX. The composition from the photo is in the &#8220;very large&#8221; size. The composition is made in a high-quality velour box, the flowers have constant access into the water, are arranged in a wet florist sponge.<\/p>\n","protected":false},"featured_media":1258,"comment_status":"open","ping_status":"closed","template":"","meta":{"site-sidebar-layout":"default","site-content-layout":"default","ast-global-header-display":"","ast-main-header-display":"","ast-hfb-above-header-display":"","ast-hfb-below-header-display":"","ast-hfb-mobile-header-display":"","site-post-title":"","ast-breadcrumbs-content":"","ast-featured-img":"","footer-sml-layout":"","theme-transparent-header-meta":"default","adv-header-id-meta":"","stick-header-meta":"default","header-above-stick-meta":"","header-main-stick-meta":"","header-below-stick-meta":""},"product_cat":[289],"product_tag":[290,436,424],"class_list":{"0":"post-2016","1":"product","2":"type-product","3":"status-publish","4":"has-post-thumbnail","6":"product_cat-flowerbox-en","7":"product_tag-flowerbox-en","8":"product_tag-flowerbox-amaranth","9":"product_tag-flowers-in-a-box","10":"desktop-align-left","11":"tablet-align-left","12":"mobile-align-left","13":"ast-product-gallery-layout-horizontal-slider","14":"ast-product-gallery-with-no-image","15":"ast-product-single-variable","16":"ast-product-tabs-layout-horizontal","18":"first","19":"instock","20":"taxable","21":"shipping-taxable","22":"purchasable","23":"product-type-variable","24":"has-default-attributes"},"yoast_head":"<!-- This site is optimized with the Yoast SEO plugin v23.9 - https:\/\/yoast.com\/wordpress\/plugins\/seo\/ -->\n<title>FloriBox amaranth MIX - Kwiaciarnia Flori<\/title>\n<meta name=\"robots\" content=\"index, follow, max-snippet:-1, max-image-preview:large, max-video-preview:-1\" \/>\n<link rel=\"canonical\" href=\"https:\/\/kwiaciarniaflori.pl\/en\/kwiaty\/floribox-amaranth-mix\/\" \/>\n<meta property=\"og:locale\" content=\"en_US\" \/>\n<meta property=\"og:type\" content=\"article\" \/>\n<meta property=\"og:title\" content=\"FloriBox amaranth MIX - Kwiaciarnia Flori\" \/>\n<meta property=\"og:description\" content=\"Flowerbox flowers in amaranth color MIX. The composition from the photo is in the &#8220;very large&#8221; size. The composition is made in a high-quality velour box, the flowers have constant access into the water, are arranged in a wet florist sponge.\" \/>\n<meta property=\"og:url\" content=\"https:\/\/kwiaciarniaflori.pl\/en\/kwiaty\/floribox-amaranth-mix\/\" \/>\n<meta property=\"og:site_name\" content=\"Kwiaciarnia Flori\" \/>\n<meta property=\"article:publisher\" content=\"https:\/\/www.facebook.com\/kwiatowyprzystanek\" \/>\n<meta property=\"article:modified_time\" content=\"2024-06-21T21:04:01+00:00\" \/>\n<meta property=\"og:image\" content=\"https:\/\/kwiaciarniaflori.pl\/wp-content\/uploads\/2023\/04\/image00004.jpg\" \/>\n\t<meta property=\"og:image:width\" content=\"900\" \/>\n\t<meta property=\"og:image:height\" content=\"1200\" \/>\n\t<meta property=\"og:image:type\" content=\"image\/jpeg\" \/>\n<meta name=\"twitter:card\" content=\"summary_large_image\" \/>\n<script type=\"application\/ld+json\" class=\"yoast-schema-graph\">{\"@context\":\"https:\/\/schema.org\",\"@graph\":[{\"@type\":\"WebPage\",\"@id\":\"https:\/\/kwiaciarniaflori.pl\/en\/kwiaty\/floribox-amaranth-mix\/\",\"url\":\"https:\/\/kwiaciarniaflori.pl\/en\/kwiaty\/floribox-amaranth-mix\/\",\"name\":\"FloriBox amaranth MIX - Kwiaciarnia Flori\",\"isPartOf\":{\"@id\":\"https:\/\/kwiaciarniaflori.pl\/en\/#website\"},\"primaryImageOfPage\":{\"@id\":\"https:\/\/kwiaciarniaflori.pl\/en\/kwiaty\/floribox-amaranth-mix\/#primaryimage\"},\"image\":{\"@id\":\"https:\/\/kwiaciarniaflori.pl\/en\/kwiaty\/floribox-amaranth-mix\/#primaryimage\"},\"thumbnailUrl\":\"https:\/\/kwiaciarniaflori.pl\/wp-content\/uploads\/2023\/04\/image00004.jpg\",\"datePublished\":\"2023-04-02T19:27:01+00:00\",\"dateModified\":\"2024-06-21T21:04:01+00:00\",\"breadcrumb\":{\"@id\":\"https:\/\/kwiaciarniaflori.pl\/en\/kwiaty\/floribox-amaranth-mix\/#breadcrumb\"},\"inLanguage\":\"en-US\",\"potentialAction\":[{\"@type\":\"ReadAction\",\"target\":[\"https:\/\/kwiaciarniaflori.pl\/en\/kwiaty\/floribox-amaranth-mix\/\"]}]},{\"@type\":\"ImageObject\",\"inLanguage\":\"en-US\",\"@id\":\"https:\/\/kwiaciarniaflori.pl\/en\/kwiaty\/floribox-amaranth-mix\/#primaryimage\",\"url\":\"https:\/\/kwiaciarniaflori.pl\/wp-content\/uploads\/2023\/04\/image00004.jpg\",\"contentUrl\":\"https:\/\/kwiaciarniaflori.pl\/wp-content\/uploads\/2023\/04\/image00004.jpg\",\"width\":900,\"height\":1200,\"caption\":\"Flowerbox with roses\"},{\"@type\":\"BreadcrumbList\",\"@id\":\"https:\/\/kwiaciarniaflori.pl\/en\/kwiaty\/floribox-amaranth-mix\/#breadcrumb\",\"itemListElement\":[{\"@type\":\"ListItem\",\"position\":1,\"name\":\"Strona g\u0142\u00f3wna\",\"item\":\"https:\/\/kwiaciarniaflori.pl\/en\/?page_id=1477\"},{\"@type\":\"ListItem\",\"position\":2,\"name\":\"Shop\",\"item\":\"https:\/\/kwiaciarniaflori.pl\/en\/shop\/\"},{\"@type\":\"ListItem\",\"position\":3,\"name\":\"FloriBox amaranth MIX\"}]},{\"@type\":\"WebSite\",\"@id\":\"https:\/\/kwiaciarniaflori.pl\/en\/#website\",\"url\":\"https:\/\/kwiaciarniaflori.pl\/en\/\",\"name\":\"Kwiaciarnia Flori\",\"description\":\"Kwiaty na ka\u017cd\u0105 okazj\u0119\",\"publisher\":{\"@id\":\"https:\/\/kwiaciarniaflori.pl\/en\/#organization\"},\"potentialAction\":[{\"@type\":\"SearchAction\",\"target\":{\"@type\":\"EntryPoint\",\"urlTemplate\":\"https:\/\/kwiaciarniaflori.pl\/en\/?s={search_term_string}\"},\"query-input\":{\"@type\":\"PropertyValueSpecification\",\"valueRequired\":true,\"valueName\":\"search_term_string\"}}],\"inLanguage\":\"en-US\"},{\"@type\":\"Organization\",\"@id\":\"https:\/\/kwiaciarniaflori.pl\/en\/#organization\",\"name\":\"Kwiaciarnia Flori\",\"url\":\"https:\/\/kwiaciarniaflori.pl\/en\/\",\"logo\":{\"@type\":\"ImageObject\",\"inLanguage\":\"en-US\",\"@id\":\"https:\/\/kwiaciarniaflori.pl\/en\/#\/schema\/logo\/image\/\",\"url\":\"https:\/\/kwiaciarniaflori.pl\/wp-content\/uploads\/2025\/09\/cropped-logo-flori.png\",\"contentUrl\":\"https:\/\/kwiaciarniaflori.pl\/wp-content\/uploads\/2025\/09\/cropped-logo-flori.png\",\"width\":500,\"height\":191,\"caption\":\"Kwiaciarnia Flori\"},\"image\":{\"@id\":\"https:\/\/kwiaciarniaflori.pl\/en\/#\/schema\/logo\/image\/\"},\"sameAs\":[\"https:\/\/www.facebook.com\/kwiatowyprzystanek\",\"https:\/\/www.instagram.com\/flori_monikakaminska\/\",\"https:\/\/www.tiktok.com\/@flori.mk.flowers\"]}]}<\/script>\n<!-- \/ Yoast SEO plugin. -->","yoast_head_json":{"title":"FloriBox amaranth MIX - Kwiaciarnia Flori","robots":{"index":"index","follow":"follow","max-snippet":"max-snippet:-1","max-image-preview":"max-image-preview:large","max-video-preview":"max-video-preview:-1"},"canonical":"https:\/\/kwiaciarniaflori.pl\/en\/kwiaty\/floribox-amaranth-mix\/","og_locale":"en_US","og_type":"article","og_title":"FloriBox amaranth MIX - Kwiaciarnia Flori","og_description":"Flowerbox flowers in amaranth color MIX. The composition from the photo is in the &#8220;very large&#8221; size. The composition is made in a high-quality velour box, the flowers have constant access into the water, are arranged in a wet florist sponge.","og_url":"https:\/\/kwiaciarniaflori.pl\/en\/kwiaty\/floribox-amaranth-mix\/","og_site_name":"Kwiaciarnia Flori","article_publisher":"https:\/\/www.facebook.com\/kwiatowyprzystanek","article_modified_time":"2024-06-21T21:04:01+00:00","og_image":[{"width":900,"height":1200,"url":"https:\/\/kwiaciarniaflori.pl\/wp-content\/uploads\/2023\/04\/image00004.jpg","type":"image\/jpeg"}],"twitter_card":"summary_large_image","schema":{"@context":"https:\/\/schema.org","@graph":[{"@type":"WebPage","@id":"https:\/\/kwiaciarniaflori.pl\/en\/kwiaty\/floribox-amaranth-mix\/","url":"https:\/\/kwiaciarniaflori.pl\/en\/kwiaty\/floribox-amaranth-mix\/","name":"FloriBox amaranth MIX - Kwiaciarnia Flori","isPartOf":{"@id":"https:\/\/kwiaciarniaflori.pl\/en\/#website"},"primaryImageOfPage":{"@id":"https:\/\/kwiaciarniaflori.pl\/en\/kwiaty\/floribox-amaranth-mix\/#primaryimage"},"image":{"@id":"https:\/\/kwiaciarniaflori.pl\/en\/kwiaty\/floribox-amaranth-mix\/#primaryimage"},"thumbnailUrl":"https:\/\/kwiaciarniaflori.pl\/wp-content\/uploads\/2023\/04\/image00004.jpg","datePublished":"2023-04-02T19:27:01+00:00","dateModified":"2024-06-21T21:04:01+00:00","breadcrumb":{"@id":"https:\/\/kwiaciarniaflori.pl\/en\/kwiaty\/floribox-amaranth-mix\/#breadcrumb"},"inLanguage":"en-US","potentialAction":[{"@type":"ReadAction","target":["https:\/\/kwiaciarniaflori.pl\/en\/kwiaty\/floribox-amaranth-mix\/"]}]},{"@type":"ImageObject","inLanguage":"en-US","@id":"https:\/\/kwiaciarniaflori.pl\/en\/kwiaty\/floribox-amaranth-mix\/#primaryimage","url":"https:\/\/kwiaciarniaflori.pl\/wp-content\/uploads\/2023\/04\/image00004.jpg","contentUrl":"https:\/\/kwiaciarniaflori.pl\/wp-content\/uploads\/2023\/04\/image00004.jpg","width":900,"height":1200,"caption":"Flowerbox with roses"},{"@type":"BreadcrumbList","@id":"https:\/\/kwiaciarniaflori.pl\/en\/kwiaty\/floribox-amaranth-mix\/#breadcrumb","itemListElement":[{"@type":"ListItem","position":1,"name":"Strona g\u0142\u00f3wna","item":"https:\/\/kwiaciarniaflori.pl\/en\/?page_id=1477"},{"@type":"ListItem","position":2,"name":"Shop","item":"https:\/\/kwiaciarniaflori.pl\/en\/shop\/"},{"@type":"ListItem","position":3,"name":"FloriBox amaranth MIX"}]},{"@type":"WebSite","@id":"https:\/\/kwiaciarniaflori.pl\/en\/#website","url":"https:\/\/kwiaciarniaflori.pl\/en\/","name":"Kwiaciarnia Flori","description":"Kwiaty na ka\u017cd\u0105 okazj\u0119","publisher":{"@id":"https:\/\/kwiaciarniaflori.pl\/en\/#organization"},"potentialAction":[{"@type":"SearchAction","target":{"@type":"EntryPoint","urlTemplate":"https:\/\/kwiaciarniaflori.pl\/en\/?s={search_term_string}"},"query-input":{"@type":"PropertyValueSpecification","valueRequired":true,"valueName":"search_term_string"}}],"inLanguage":"en-US"},{"@type":"Organization","@id":"https:\/\/kwiaciarniaflori.pl\/en\/#organization","name":"Kwiaciarnia Flori","url":"https:\/\/kwiaciarniaflori.pl\/en\/","logo":{"@type":"ImageObject","inLanguage":"en-US","@id":"https:\/\/kwiaciarniaflori.pl\/en\/#\/schema\/logo\/image\/","url":"https:\/\/kwiaciarniaflori.pl\/wp-content\/uploads\/2025\/09\/cropped-logo-flori.png","contentUrl":"https:\/\/kwiaciarniaflori.pl\/wp-content\/uploads\/2025\/09\/cropped-logo-flori.png","width":500,"height":191,"caption":"Kwiaciarnia Flori"},"image":{"@id":"https:\/\/kwiaciarniaflori.pl\/en\/#\/schema\/logo\/image\/"},"sameAs":["https:\/\/www.facebook.com\/kwiatowyprzystanek","https:\/\/www.instagram.com\/flori_monikakaminska\/","https:\/\/www.tiktok.com\/@flori.mk.flowers"]}]}},"_links":{"self":[{"href":"https:\/\/kwiaciarniaflori.pl\/en\/wp-json\/wp\/v2\/product\/2016","targetHints":{"allow":["GET"]}}],"collection":[{"href":"https:\/\/kwiaciarniaflori.pl\/en\/wp-json\/wp\/v2\/product"}],"about":[{"href":"https:\/\/kwiaciarniaflori.pl\/en\/wp-json\/wp\/v2\/types\/product"}],"replies":[{"embeddable":true,"href":"https:\/\/kwiaciarniaflori.pl\/en\/wp-json\/wp\/v2\/comments?post=2016"}],"version-history":[{"count":1,"href":"https:\/\/kwiaciarniaflori.pl\/en\/wp-json\/wp\/v2\/product\/2016\/revisions"}],"predecessor-version":[{"id":2029,"href":"https:\/\/kwiaciarniaflori.pl\/en\/wp-json\/wp\/v2\/product\/2016\/revisions\/2029"}],"wp:featuredmedia":[{"embeddable":true,"href":"https:\/\/kwiaciarniaflori.pl\/en\/wp-json\/wp\/v2\/media\/1258"}],"wp:attachment":[{"href":"https:\/\/kwiaciarniaflori.pl\/en\/wp-json\/wp\/v2\/media?parent=2016"}],"wp:term":[{"taxonomy":"product_cat","embeddable":true,"href":"https:\/\/kwiaciarniaflori.pl\/en\/wp-json\/wp\/v2\/product_cat?post=2016"},{"taxonomy":"product_tag","embeddable":true,"href":"https:\/\/kwiaciarniaflori.pl\/en\/wp-json\/wp\/v2\/product_tag?post=2016"}],"curies":[{"name":"wp","href":"https:\/\/api.w.org\/{rel}","templated":true}]}}