{"id":1570,"date":"2023-11-29T13:28:21","date_gmt":"2023-11-29T13:28:21","guid":{"rendered":"https:\/\/florimk.pl\/kwiaty\/%d0%b1%d0%be%d1%80%d0%b4%d0%be%d0%b2%d0%b8%d0%b9-%d0%b1%d1%83%d0%ba%d0%b5%d1%82-mix\/"},"modified":"2024-06-21T21:02:14","modified_gmt":"2024-06-21T21:02:14","slug":"%d0%b1%d0%be%d1%80%d0%b4%d0%be%d0%b2%d0%b8%d0%b9-%d0%b1%d1%83%d0%ba%d0%b5%d1%82-mix","status":"publish","type":"product","link":"https:\/\/kwiaciarniaflori.pl\/uk\/kwiaty\/%d0%b1%d0%be%d1%80%d0%b4%d0%be%d0%b2%d0%b8%d0%b9-%d0%b1%d1%83%d0%ba%d0%b5%d1%82-mix\/","title":{"rendered":"\u0411\u043e\u0440\u0434\u043e\u0432\u0438\u0439 \u0431\u0443\u043a\u0435\u0442 MIX"},"content":{"rendered":"<p>\u041a\u0432\u0456\u0442\u043a\u043e\u0432\u0438\u0439 \u0431\u0443\u043a\u0435\u0442 \u0432 \u0431\u043e\u0440\u0434\u043e\u0432\u043e\u043c\u0443 MIX. \u041a\u043e\u043c\u043f\u043e\u0437\u0438\u0446\u0456\u044f \u043d\u0430 \u0444\u043e\u0442\u043e \u0432 \u0440\u043e\u0437\u043c\u0456\u0440\u0456 &#8220;\u0432\u0435\u043b\u0438\u043a\u0438\u0439&#8221;.<\/p>\n<p>\u042f\u043a\u0449\u043e \u0432\u0438 \u0445\u043e\u0447\u0435\u0442\u0435, \u0449\u043e\u0431 \u043c\u0438 \u043f\u0456\u0434\u0433\u043e\u0442\u0443\u0432\u0430\u043b\u0438 \u0431\u0443\u043a\u0435\u0442 \u0432 \u0456\u043d\u0448\u043e\u043c\u0443 \u0446\u0456\u043d\u043e\u0432\u043e\u043c\u0443 \u0432\u0430\u0440\u0456\u0430\u043d\u0442\u0456, \u043d\u0456\u0436 \u0432\u043a\u0430\u0437\u0430\u043d\u043e \u0432\u0438\u0449\u0435, \u0431\u0443\u0434\u044c \u043b\u0430\u0441\u043a\u0430, \u0432\u0432\u0435\u0434\u0456\u0442\u044c \u0432\u0430\u0448 \u0431\u044e\u0434\u0436\u0435\u0442 \u0432 \u043f\u043e\u043b\u0435 &#8220;\u0406\u043d\u0434\u0438\u0432\u0456\u0434\u0443\u0430\u043b\u044c\u043d\u0430 \u043a\u043e\u043c\u043f\u043e\u0437\u0438\u0446\u0456\u044f&#8221;, \u0456 \u043c\u0438 \u0441\u043a\u043e\u0440\u0438\u0433\u0443\u0454\u043c\u043e \u043a\u0456\u043b\u044c\u043a\u0456\u0441\u0442\u044c \u043a\u0432\u0456\u0442\u0456\u0432 \u0432\u0456\u0434\u043f\u043e\u0432\u0456\u0434\u043d\u043e.  <strong>\u0427\u0438\u043c \u0431\u0456\u043b\u044c\u0448\u0430 \u043a\u0456\u043b\u044c\u043a\u0456\u0441\u0442\u044c &#8211; \u0442\u0438\u043c \u0441\u043a\u043b\u0430\u0434\u043d\u0456\u0448\u0430 \u043a\u043e\u043c\u043f\u043e\u0437\u0438\u0446\u0456\u044f.<\/strong><\/p>\n","protected":false},"excerpt":{"rendered":"<p>\u041a\u0432\u0456\u0442\u043a\u043e\u0432\u0438\u0439 \u0431\u0443\u043a\u0435\u0442 \u0432 \u0431\u043e\u0440\u0434\u043e\u0432\u043e\u043c\u0443 MIX. \u041a\u043e\u043c\u043f\u043e\u0437\u0438\u0446\u0456\u044f \u043d\u0430 \u0444\u043e\u0442\u043e \u0432 \u0440\u043e\u0437\u043c\u0456\u0440\u0456 &#8220;\u0432\u0435\u043b\u0438\u043a\u0438\u0439&#8221;. \u042f\u043a\u0449\u043e \u0432\u0438 \u0445\u043e\u0447\u0435\u0442\u0435, \u0449\u043e\u0431 \u043c\u0438 \u043f\u0456\u0434\u0433\u043e\u0442\u0443\u0432\u0430\u043b\u0438 \u0431\u0443\u043a\u0435\u0442 \u0432 \u0456\u043d\u0448\u043e\u043c\u0443 \u0446\u0456\u043d\u043e\u0432\u043e\u043c\u0443 \u0432\u0430\u0440\u0456\u0430\u043d\u0442\u0456, \u043d\u0456\u0436 \u0432\u043a\u0430\u0437\u0430\u043d\u043e \u0432\u0438\u0449\u0435, \u0431\u0443\u0434\u044c \u043b\u0430\u0441\u043a\u0430, \u0432\u0432\u0435\u0434\u0456\u0442\u044c \u0432\u0430\u0448 \u0431\u044e\u0434\u0436\u0435\u0442 \u0432 \u043f\u043e\u043b\u0435 &#8220;\u0406\u043d\u0434\u0438\u0432\u0456\u0434\u0443\u0430\u043b\u044c\u043d\u0430 \u043a\u043e\u043c\u043f\u043e\u0437\u0438\u0446\u0456\u044f&#8221;, \u0456 \u043c\u0438 \u0441\u043a\u043e\u0440\u0438\u0433\u0443\u0454\u043c\u043e \u043a\u0456\u043b\u044c\u043a\u0456\u0441\u0442\u044c \u043a\u0432\u0456\u0442\u0456\u0432 \u0432\u0456\u0434\u043f\u043e\u0432\u0456\u0434\u043d\u043e. \u0427\u0438\u043c \u0431\u0456\u043b\u044c\u0448\u0430 \u043a\u0456\u043b\u044c\u043a\u0456\u0441\u0442\u044c &#8211; \u0442\u0438\u043c \u0441\u043a\u043b\u0430\u0434\u043d\u0456\u0448\u0430 \u043a\u043e\u043c\u043f\u043e\u0437\u0438\u0446\u0456\u044f.<\/p>\n","protected":false},"featured_media":1385,"comment_status":"open","ping_status":"closed","template":"","meta":{"site-sidebar-layout":"default","site-content-layout":"default","ast-global-header-display":"","ast-main-header-display":"","ast-hfb-above-header-display":"","ast-hfb-below-header-display":"","ast-hfb-mobile-header-display":"","site-post-title":"","ast-breadcrumbs-content":"","ast-featured-img":"","footer-sml-layout":"","theme-transparent-header-meta":"default","adv-header-id-meta":"","stick-header-meta":"default","header-above-stick-meta":"","header-main-stick-meta":"","header-below-stick-meta":""},"product_cat":[292],"product_tag":[304,306],"class_list":{"0":"post-1570","1":"product","2":"type-product","3":"status-publish","4":"has-post-thumbnail","6":"product_cat-292","7":"product_tag-304","8":"product_tag-306","9":"desktop-align-left","10":"tablet-align-left","11":"mobile-align-left","12":"ast-product-gallery-layout-horizontal-slider","13":"ast-product-single-variable","14":"ast-product-tabs-layout-horizontal","16":"first","17":"instock","18":"taxable","19":"shipping-taxable","20":"purchasable","21":"product-type-variable","22":"has-default-attributes"},"yoast_head":"<!-- This site is optimized with the Yoast SEO plugin v23.9 - https:\/\/yoast.com\/wordpress\/plugins\/seo\/ -->\n<title>\u0411\u043e\u0440\u0434\u043e\u0432\u0438\u0439 \u0431\u0443\u043a\u0435\u0442 MIX - Kwiaciarnia Flori<\/title>\n<meta name=\"robots\" content=\"index, follow, max-snippet:-1, max-image-preview:large, max-video-preview:-1\" \/>\n<link rel=\"canonical\" href=\"https:\/\/kwiaciarniaflori.pl\/uk\/kwiaty\/%d0%b1%d0%be%d1%80%d0%b4%d0%be%d0%b2%d0%b8%d0%b9-%d0%b1%d1%83%d0%ba%d0%b5%d1%82-mix\/\" \/>\n<meta property=\"og:locale\" content=\"uk_UA\" \/>\n<meta property=\"og:type\" content=\"article\" \/>\n<meta property=\"og:title\" content=\"\u0411\u043e\u0440\u0434\u043e\u0432\u0438\u0439 \u0431\u0443\u043a\u0435\u0442 MIX - Kwiaciarnia Flori\" \/>\n<meta property=\"og:description\" content=\"\u041a\u0432\u0456\u0442\u043a\u043e\u0432\u0438\u0439 \u0431\u0443\u043a\u0435\u0442 \u0432 \u0431\u043e\u0440\u0434\u043e\u0432\u043e\u043c\u0443 MIX. \u041a\u043e\u043c\u043f\u043e\u0437\u0438\u0446\u0456\u044f \u043d\u0430 \u0444\u043e\u0442\u043e \u0432 \u0440\u043e\u0437\u043c\u0456\u0440\u0456 &#8220;\u0432\u0435\u043b\u0438\u043a\u0438\u0439&#8221;. \u042f\u043a\u0449\u043e \u0432\u0438 \u0445\u043e\u0447\u0435\u0442\u0435, \u0449\u043e\u0431 \u043c\u0438 \u043f\u0456\u0434\u0433\u043e\u0442\u0443\u0432\u0430\u043b\u0438 \u0431\u0443\u043a\u0435\u0442 \u0432 \u0456\u043d\u0448\u043e\u043c\u0443 \u0446\u0456\u043d\u043e\u0432\u043e\u043c\u0443 \u0432\u0430\u0440\u0456\u0430\u043d\u0442\u0456, \u043d\u0456\u0436 \u0432\u043a\u0430\u0437\u0430\u043d\u043e \u0432\u0438\u0449\u0435, \u0431\u0443\u0434\u044c \u043b\u0430\u0441\u043a\u0430, \u0432\u0432\u0435\u0434\u0456\u0442\u044c \u0432\u0430\u0448 \u0431\u044e\u0434\u0436\u0435\u0442 \u0432 \u043f\u043e\u043b\u0435 &#8220;\u0406\u043d\u0434\u0438\u0432\u0456\u0434\u0443\u0430\u043b\u044c\u043d\u0430 \u043a\u043e\u043c\u043f\u043e\u0437\u0438\u0446\u0456\u044f&#8221;, \u0456 \u043c\u0438 \u0441\u043a\u043e\u0440\u0438\u0433\u0443\u0454\u043c\u043e \u043a\u0456\u043b\u044c\u043a\u0456\u0441\u0442\u044c \u043a\u0432\u0456\u0442\u0456\u0432 \u0432\u0456\u0434\u043f\u043e\u0432\u0456\u0434\u043d\u043e. \u0427\u0438\u043c \u0431\u0456\u043b\u044c\u0448\u0430 \u043a\u0456\u043b\u044c\u043a\u0456\u0441\u0442\u044c &#8211; \u0442\u0438\u043c \u0441\u043a\u043b\u0430\u0434\u043d\u0456\u0448\u0430 \u043a\u043e\u043c\u043f\u043e\u0437\u0438\u0446\u0456\u044f.\" \/>\n<meta property=\"og:url\" content=\"https:\/\/kwiaciarniaflori.pl\/uk\/kwiaty\/%d0%b1%d0%be%d1%80%d0%b4%d0%be%d0%b2%d0%b8%d0%b9-%d0%b1%d1%83%d0%ba%d0%b5%d1%82-mix\/\" \/>\n<meta property=\"og:site_name\" content=\"Kwiaciarnia Flori\" \/>\n<meta property=\"article:publisher\" content=\"https:\/\/www.facebook.com\/kwiatowyprzystanek\" \/>\n<meta property=\"article:modified_time\" content=\"2024-06-21T21:02:14+00:00\" \/>\n<meta property=\"og:image\" content=\"https:\/\/kwiaciarniaflori.pl\/wp-content\/uploads\/2023\/11\/bukiet-bordowy-mix.jpg\" \/>\n\t<meta property=\"og:image:width\" content=\"900\" \/>\n\t<meta property=\"og:image:height\" content=\"1200\" \/>\n\t<meta property=\"og:image:type\" content=\"image\/jpeg\" \/>\n<meta name=\"twitter:card\" content=\"summary_large_image\" \/>\n<script type=\"application\/ld+json\" class=\"yoast-schema-graph\">{\"@context\":\"https:\/\/schema.org\",\"@graph\":[{\"@type\":\"WebPage\",\"@id\":\"https:\/\/kwiaciarniaflori.pl\/uk\/kwiaty\/%d0%b1%d0%be%d1%80%d0%b4%d0%be%d0%b2%d0%b8%d0%b9-%d0%b1%d1%83%d0%ba%d0%b5%d1%82-mix\/\",\"url\":\"https:\/\/kwiaciarniaflori.pl\/uk\/kwiaty\/%d0%b1%d0%be%d1%80%d0%b4%d0%be%d0%b2%d0%b8%d0%b9-%d0%b1%d1%83%d0%ba%d0%b5%d1%82-mix\/\",\"name\":\"\u0411\u043e\u0440\u0434\u043e\u0432\u0438\u0439 \u0431\u0443\u043a\u0435\u0442 MIX - Kwiaciarnia Flori\",\"isPartOf\":{\"@id\":\"https:\/\/kwiaciarniaflori.pl\/uk\/#website\"},\"primaryImageOfPage\":{\"@id\":\"https:\/\/kwiaciarniaflori.pl\/uk\/kwiaty\/%d0%b1%d0%be%d1%80%d0%b4%d0%be%d0%b2%d0%b8%d0%b9-%d0%b1%d1%83%d0%ba%d0%b5%d1%82-mix\/#primaryimage\"},\"image\":{\"@id\":\"https:\/\/kwiaciarniaflori.pl\/uk\/kwiaty\/%d0%b1%d0%be%d1%80%d0%b4%d0%be%d0%b2%d0%b8%d0%b9-%d0%b1%d1%83%d0%ba%d0%b5%d1%82-mix\/#primaryimage\"},\"thumbnailUrl\":\"https:\/\/kwiaciarniaflori.pl\/wp-content\/uploads\/2023\/11\/bukiet-bordowy-mix.jpg\",\"datePublished\":\"2023-11-29T13:28:21+00:00\",\"dateModified\":\"2024-06-21T21:02:14+00:00\",\"breadcrumb\":{\"@id\":\"https:\/\/kwiaciarniaflori.pl\/uk\/kwiaty\/%d0%b1%d0%be%d1%80%d0%b4%d0%be%d0%b2%d0%b8%d0%b9-%d0%b1%d1%83%d0%ba%d0%b5%d1%82-mix\/#breadcrumb\"},\"inLanguage\":\"uk\",\"potentialAction\":[{\"@type\":\"ReadAction\",\"target\":[\"https:\/\/kwiaciarniaflori.pl\/uk\/kwiaty\/%d0%b1%d0%be%d1%80%d0%b4%d0%be%d0%b2%d0%b8%d0%b9-%d0%b1%d1%83%d0%ba%d0%b5%d1%82-mix\/\"]}]},{\"@type\":\"ImageObject\",\"inLanguage\":\"uk\",\"@id\":\"https:\/\/kwiaciarniaflori.pl\/uk\/kwiaty\/%d0%b1%d0%be%d1%80%d0%b4%d0%be%d0%b2%d0%b8%d0%b9-%d0%b1%d1%83%d0%ba%d0%b5%d1%82-mix\/#primaryimage\",\"url\":\"https:\/\/kwiaciarniaflori.pl\/wp-content\/uploads\/2023\/11\/bukiet-bordowy-mix.jpg\",\"contentUrl\":\"https:\/\/kwiaciarniaflori.pl\/wp-content\/uploads\/2023\/11\/bukiet-bordowy-mix.jpg\",\"width\":900,\"height\":1200},{\"@type\":\"BreadcrumbList\",\"@id\":\"https:\/\/kwiaciarniaflori.pl\/uk\/kwiaty\/%d0%b1%d0%be%d1%80%d0%b4%d0%be%d0%b2%d0%b8%d0%b9-%d0%b1%d1%83%d0%ba%d0%b5%d1%82-mix\/#breadcrumb\",\"itemListElement\":[{\"@type\":\"ListItem\",\"position\":1,\"name\":\"Strona g\u0142\u00f3wna\",\"item\":\"https:\/\/kwiaciarniaflori.pl\/uk\/?page_id=1478\"},{\"@type\":\"ListItem\",\"position\":2,\"name\":\"Shop\",\"item\":\"https:\/\/kwiaciarniaflori.pl\/uk\/shop\/\"},{\"@type\":\"ListItem\",\"position\":3,\"name\":\"\u0411\u043e\u0440\u0434\u043e\u0432\u0438\u0439 \u0431\u0443\u043a\u0435\u0442 MIX\"}]},{\"@type\":\"WebSite\",\"@id\":\"https:\/\/kwiaciarniaflori.pl\/uk\/#website\",\"url\":\"https:\/\/kwiaciarniaflori.pl\/uk\/\",\"name\":\"Kwiaciarnia Flori\",\"description\":\"Kwiaty na ka\u017cd\u0105 okazj\u0119\",\"publisher\":{\"@id\":\"https:\/\/kwiaciarniaflori.pl\/uk\/#organization\"},\"potentialAction\":[{\"@type\":\"SearchAction\",\"target\":{\"@type\":\"EntryPoint\",\"urlTemplate\":\"https:\/\/kwiaciarniaflori.pl\/uk\/?s={search_term_string}\"},\"query-input\":{\"@type\":\"PropertyValueSpecification\",\"valueRequired\":true,\"valueName\":\"search_term_string\"}}],\"inLanguage\":\"uk\"},{\"@type\":\"Organization\",\"@id\":\"https:\/\/kwiaciarniaflori.pl\/uk\/#organization\",\"name\":\"Kwiaciarnia Flori\",\"url\":\"https:\/\/kwiaciarniaflori.pl\/uk\/\",\"logo\":{\"@type\":\"ImageObject\",\"inLanguage\":\"uk\",\"@id\":\"https:\/\/kwiaciarniaflori.pl\/uk\/#\/schema\/logo\/image\/\",\"url\":\"https:\/\/kwiaciarniaflori.pl\/wp-content\/uploads\/2025\/09\/cropped-logo-flori.png\",\"contentUrl\":\"https:\/\/kwiaciarniaflori.pl\/wp-content\/uploads\/2025\/09\/cropped-logo-flori.png\",\"width\":500,\"height\":191,\"caption\":\"Kwiaciarnia Flori\"},\"image\":{\"@id\":\"https:\/\/kwiaciarniaflori.pl\/uk\/#\/schema\/logo\/image\/\"},\"sameAs\":[\"https:\/\/www.facebook.com\/kwiatowyprzystanek\",\"https:\/\/www.instagram.com\/flori_monikakaminska\/\",\"https:\/\/www.tiktok.com\/@flori.mk.flowers\"]}]}<\/script>\n<!-- \/ Yoast SEO plugin. -->","yoast_head_json":{"title":"\u0411\u043e\u0440\u0434\u043e\u0432\u0438\u0439 \u0431\u0443\u043a\u0435\u0442 MIX - Kwiaciarnia Flori","robots":{"index":"index","follow":"follow","max-snippet":"max-snippet:-1","max-image-preview":"max-image-preview:large","max-video-preview":"max-video-preview:-1"},"canonical":"https:\/\/kwiaciarniaflori.pl\/uk\/kwiaty\/%d0%b1%d0%be%d1%80%d0%b4%d0%be%d0%b2%d0%b8%d0%b9-%d0%b1%d1%83%d0%ba%d0%b5%d1%82-mix\/","og_locale":"uk_UA","og_type":"article","og_title":"\u0411\u043e\u0440\u0434\u043e\u0432\u0438\u0439 \u0431\u0443\u043a\u0435\u0442 MIX - Kwiaciarnia Flori","og_description":"\u041a\u0432\u0456\u0442\u043a\u043e\u0432\u0438\u0439 \u0431\u0443\u043a\u0435\u0442 \u0432 \u0431\u043e\u0440\u0434\u043e\u0432\u043e\u043c\u0443 MIX. \u041a\u043e\u043c\u043f\u043e\u0437\u0438\u0446\u0456\u044f \u043d\u0430 \u0444\u043e\u0442\u043e \u0432 \u0440\u043e\u0437\u043c\u0456\u0440\u0456 &#8220;\u0432\u0435\u043b\u0438\u043a\u0438\u0439&#8221;. \u042f\u043a\u0449\u043e \u0432\u0438 \u0445\u043e\u0447\u0435\u0442\u0435, \u0449\u043e\u0431 \u043c\u0438 \u043f\u0456\u0434\u0433\u043e\u0442\u0443\u0432\u0430\u043b\u0438 \u0431\u0443\u043a\u0435\u0442 \u0432 \u0456\u043d\u0448\u043e\u043c\u0443 \u0446\u0456\u043d\u043e\u0432\u043e\u043c\u0443 \u0432\u0430\u0440\u0456\u0430\u043d\u0442\u0456, \u043d\u0456\u0436 \u0432\u043a\u0430\u0437\u0430\u043d\u043e \u0432\u0438\u0449\u0435, \u0431\u0443\u0434\u044c \u043b\u0430\u0441\u043a\u0430, \u0432\u0432\u0435\u0434\u0456\u0442\u044c \u0432\u0430\u0448 \u0431\u044e\u0434\u0436\u0435\u0442 \u0432 \u043f\u043e\u043b\u0435 &#8220;\u0406\u043d\u0434\u0438\u0432\u0456\u0434\u0443\u0430\u043b\u044c\u043d\u0430 \u043a\u043e\u043c\u043f\u043e\u0437\u0438\u0446\u0456\u044f&#8221;, \u0456 \u043c\u0438 \u0441\u043a\u043e\u0440\u0438\u0433\u0443\u0454\u043c\u043e \u043a\u0456\u043b\u044c\u043a\u0456\u0441\u0442\u044c \u043a\u0432\u0456\u0442\u0456\u0432 \u0432\u0456\u0434\u043f\u043e\u0432\u0456\u0434\u043d\u043e. \u0427\u0438\u043c \u0431\u0456\u043b\u044c\u0448\u0430 \u043a\u0456\u043b\u044c\u043a\u0456\u0441\u0442\u044c &#8211; \u0442\u0438\u043c \u0441\u043a\u043b\u0430\u0434\u043d\u0456\u0448\u0430 \u043a\u043e\u043c\u043f\u043e\u0437\u0438\u0446\u0456\u044f.","og_url":"https:\/\/kwiaciarniaflori.pl\/uk\/kwiaty\/%d0%b1%d0%be%d1%80%d0%b4%d0%be%d0%b2%d0%b8%d0%b9-%d0%b1%d1%83%d0%ba%d0%b5%d1%82-mix\/","og_site_name":"Kwiaciarnia Flori","article_publisher":"https:\/\/www.facebook.com\/kwiatowyprzystanek","article_modified_time":"2024-06-21T21:02:14+00:00","og_image":[{"width":900,"height":1200,"url":"https:\/\/kwiaciarniaflori.pl\/wp-content\/uploads\/2023\/11\/bukiet-bordowy-mix.jpg","type":"image\/jpeg"}],"twitter_card":"summary_large_image","schema":{"@context":"https:\/\/schema.org","@graph":[{"@type":"WebPage","@id":"https:\/\/kwiaciarniaflori.pl\/uk\/kwiaty\/%d0%b1%d0%be%d1%80%d0%b4%d0%be%d0%b2%d0%b8%d0%b9-%d0%b1%d1%83%d0%ba%d0%b5%d1%82-mix\/","url":"https:\/\/kwiaciarniaflori.pl\/uk\/kwiaty\/%d0%b1%d0%be%d1%80%d0%b4%d0%be%d0%b2%d0%b8%d0%b9-%d0%b1%d1%83%d0%ba%d0%b5%d1%82-mix\/","name":"\u0411\u043e\u0440\u0434\u043e\u0432\u0438\u0439 \u0431\u0443\u043a\u0435\u0442 MIX - Kwiaciarnia Flori","isPartOf":{"@id":"https:\/\/kwiaciarniaflori.pl\/uk\/#website"},"primaryImageOfPage":{"@id":"https:\/\/kwiaciarniaflori.pl\/uk\/kwiaty\/%d0%b1%d0%be%d1%80%d0%b4%d0%be%d0%b2%d0%b8%d0%b9-%d0%b1%d1%83%d0%ba%d0%b5%d1%82-mix\/#primaryimage"},"image":{"@id":"https:\/\/kwiaciarniaflori.pl\/uk\/kwiaty\/%d0%b1%d0%be%d1%80%d0%b4%d0%be%d0%b2%d0%b8%d0%b9-%d0%b1%d1%83%d0%ba%d0%b5%d1%82-mix\/#primaryimage"},"thumbnailUrl":"https:\/\/kwiaciarniaflori.pl\/wp-content\/uploads\/2023\/11\/bukiet-bordowy-mix.jpg","datePublished":"2023-11-29T13:28:21+00:00","dateModified":"2024-06-21T21:02:14+00:00","breadcrumb":{"@id":"https:\/\/kwiaciarniaflori.pl\/uk\/kwiaty\/%d0%b1%d0%be%d1%80%d0%b4%d0%be%d0%b2%d0%b8%d0%b9-%d0%b1%d1%83%d0%ba%d0%b5%d1%82-mix\/#breadcrumb"},"inLanguage":"uk","potentialAction":[{"@type":"ReadAction","target":["https:\/\/kwiaciarniaflori.pl\/uk\/kwiaty\/%d0%b1%d0%be%d1%80%d0%b4%d0%be%d0%b2%d0%b8%d0%b9-%d0%b1%d1%83%d0%ba%d0%b5%d1%82-mix\/"]}]},{"@type":"ImageObject","inLanguage":"uk","@id":"https:\/\/kwiaciarniaflori.pl\/uk\/kwiaty\/%d0%b1%d0%be%d1%80%d0%b4%d0%be%d0%b2%d0%b8%d0%b9-%d0%b1%d1%83%d0%ba%d0%b5%d1%82-mix\/#primaryimage","url":"https:\/\/kwiaciarniaflori.pl\/wp-content\/uploads\/2023\/11\/bukiet-bordowy-mix.jpg","contentUrl":"https:\/\/kwiaciarniaflori.pl\/wp-content\/uploads\/2023\/11\/bukiet-bordowy-mix.jpg","width":900,"height":1200},{"@type":"BreadcrumbList","@id":"https:\/\/kwiaciarniaflori.pl\/uk\/kwiaty\/%d0%b1%d0%be%d1%80%d0%b4%d0%be%d0%b2%d0%b8%d0%b9-%d0%b1%d1%83%d0%ba%d0%b5%d1%82-mix\/#breadcrumb","itemListElement":[{"@type":"ListItem","position":1,"name":"Strona g\u0142\u00f3wna","item":"https:\/\/kwiaciarniaflori.pl\/uk\/?page_id=1478"},{"@type":"ListItem","position":2,"name":"Shop","item":"https:\/\/kwiaciarniaflori.pl\/uk\/shop\/"},{"@type":"ListItem","position":3,"name":"\u0411\u043e\u0440\u0434\u043e\u0432\u0438\u0439 \u0431\u0443\u043a\u0435\u0442 MIX"}]},{"@type":"WebSite","@id":"https:\/\/kwiaciarniaflori.pl\/uk\/#website","url":"https:\/\/kwiaciarniaflori.pl\/uk\/","name":"Kwiaciarnia Flori","description":"Kwiaty na ka\u017cd\u0105 okazj\u0119","publisher":{"@id":"https:\/\/kwiaciarniaflori.pl\/uk\/#organization"},"potentialAction":[{"@type":"SearchAction","target":{"@type":"EntryPoint","urlTemplate":"https:\/\/kwiaciarniaflori.pl\/uk\/?s={search_term_string}"},"query-input":{"@type":"PropertyValueSpecification","valueRequired":true,"valueName":"search_term_string"}}],"inLanguage":"uk"},{"@type":"Organization","@id":"https:\/\/kwiaciarniaflori.pl\/uk\/#organization","name":"Kwiaciarnia Flori","url":"https:\/\/kwiaciarniaflori.pl\/uk\/","logo":{"@type":"ImageObject","inLanguage":"uk","@id":"https:\/\/kwiaciarniaflori.pl\/uk\/#\/schema\/logo\/image\/","url":"https:\/\/kwiaciarniaflori.pl\/wp-content\/uploads\/2025\/09\/cropped-logo-flori.png","contentUrl":"https:\/\/kwiaciarniaflori.pl\/wp-content\/uploads\/2025\/09\/cropped-logo-flori.png","width":500,"height":191,"caption":"Kwiaciarnia Flori"},"image":{"@id":"https:\/\/kwiaciarniaflori.pl\/uk\/#\/schema\/logo\/image\/"},"sameAs":["https:\/\/www.facebook.com\/kwiatowyprzystanek","https:\/\/www.instagram.com\/flori_monikakaminska\/","https:\/\/www.tiktok.com\/@flori.mk.flowers"]}]}},"_links":{"self":[{"href":"https:\/\/kwiaciarniaflori.pl\/uk\/wp-json\/wp\/v2\/product\/1570","targetHints":{"allow":["GET"]}}],"collection":[{"href":"https:\/\/kwiaciarniaflori.pl\/uk\/wp-json\/wp\/v2\/product"}],"about":[{"href":"https:\/\/kwiaciarniaflori.pl\/uk\/wp-json\/wp\/v2\/types\/product"}],"replies":[{"embeddable":true,"href":"https:\/\/kwiaciarniaflori.pl\/uk\/wp-json\/wp\/v2\/comments?post=1570"}],"version-history":[{"count":1,"href":"https:\/\/kwiaciarniaflori.pl\/uk\/wp-json\/wp\/v2\/product\/1570\/revisions"}],"predecessor-version":[{"id":1584,"href":"https:\/\/kwiaciarniaflori.pl\/uk\/wp-json\/wp\/v2\/product\/1570\/revisions\/1584"}],"wp:featuredmedia":[{"embeddable":true,"href":"https:\/\/kwiaciarniaflori.pl\/uk\/wp-json\/wp\/v2\/media\/1385"}],"wp:attachment":[{"href":"https:\/\/kwiaciarniaflori.pl\/uk\/wp-json\/wp\/v2\/media?parent=1570"}],"wp:term":[{"taxonomy":"product_cat","embeddable":true,"href":"https:\/\/kwiaciarniaflori.pl\/uk\/wp-json\/wp\/v2\/product_cat?post=1570"},{"taxonomy":"product_tag","embeddable":true,"href":"https:\/\/kwiaciarniaflori.pl\/uk\/wp-json\/wp\/v2\/product_tag?post=1570"}],"curies":[{"name":"wp","href":"https:\/\/api.w.org\/{rel}","templated":true}]}}