{"id":1907,"date":"2023-04-02T20:30:42","date_gmt":"2023-04-02T20:30:42","guid":{"rendered":"https:\/\/florimk.pl\/kwiaty\/floribox-%d0%b7-%d1%87%d0%b5%d1%80%d0%b2%d0%be%d0%bd%d0%b8%d0%bc%d0%b8-%d1%82%d1%80%d0%be%d1%8f%d0%bd%d0%b4%d0%b0%d0%bc%d0%b8\/"},"modified":"2024-06-21T21:03:32","modified_gmt":"2024-06-21T21:03:32","slug":"floribox-%d0%b7-%d1%87%d0%b5%d1%80%d0%b2%d0%be%d0%bd%d0%b8%d0%bc%d0%b8-%d1%82%d1%80%d0%be%d1%8f%d0%bd%d0%b4%d0%b0%d0%bc%d0%b8","status":"publish","type":"product","link":"https:\/\/kwiaciarniaflori.pl\/uk\/kwiaty\/floribox-%d0%b7-%d1%87%d0%b5%d1%80%d0%b2%d0%be%d0%bd%d0%b8%d0%bc%d0%b8-%d1%82%d1%80%d0%be%d1%8f%d0%bd%d0%b4%d0%b0%d0%bc%d0%b8\/","title":{"rendered":"FloriBox \u0437 \u0447\u0435\u0440\u0432\u043e\u043d\u0438\u043c\u0438 \u0442\u0440\u043e\u044f\u043d\u0434\u0430\u043c\u0438"},"content":{"rendered":"<p>\u041a\u0432\u0456\u0442\u043a\u043e\u0432\u0430 \u043a\u043e\u0440\u043e\u0431\u043a\u0430 \u0437 \u0447\u0435\u0440\u0432\u043e\u043d\u0438\u043c\u0438 \u0442\u0440\u043e\u044f\u043d\u0434\u0430\u043c\u0438. \u041a\u043e\u043c\u043f\u043e\u0437\u0438\u0446\u0456\u044f \u043d\u0430 \u0444\u043e\u0442\u043e \u0432 \u0440\u043e\u0437\u043c\u0456\u0440\u0456 &#8220;\u0432\u0435\u043b\u0438\u043a\u0438\u0439&#8221;.<\/p>\n<p>\u041a\u043e\u043c\u043f\u043e\u0437\u0438\u0446\u0456\u044f \u0432\u0438\u043a\u043e\u043d\u0430\u043d\u0430 \u0432 \u044f\u043a\u0456\u0441\u043d\u0456\u0439 \u0432\u0435\u043b\u044e\u0440\u043e\u0432\u0456\u0439 \u043a\u043e\u0440\u043e\u0431\u0446\u0456, \u0434\u043e \u043a\u0432\u0456\u0442\u0456\u0432 \u0454 \u043f\u043e\u0441\u0442\u0456\u0439\u043d\u0438\u0439 \u0434\u043e\u0441\u0442\u0443\u043f<br \/>\n\u0443 \u0432\u043e\u0434\u0443, \u0440\u043e\u0437\u0442\u0430\u0448\u043e\u0432\u0443\u044e\u0442\u044c\u0441\u044f \u0443 \u0432\u043e\u043b\u043e\u0433\u0456\u0439 \u0444\u043b\u043e\u0440\u0438\u0441\u0442\u0438\u0447\u043d\u0456\u0439 \u0433\u0443\u0431\u0446\u0456.<\/p>\n","protected":false},"excerpt":{"rendered":"<p>\u041a\u0432\u0456\u0442\u043a\u043e\u0432\u0430 \u043a\u043e\u0440\u043e\u0431\u043a\u0430 \u0437 \u0447\u0435\u0440\u0432\u043e\u043d\u0438\u043c\u0438 \u0442\u0440\u043e\u044f\u043d\u0434\u0430\u043c\u0438. \u041a\u043e\u043c\u043f\u043e\u0437\u0438\u0446\u0456\u044f \u043d\u0430 \u0444\u043e\u0442\u043e \u0432 \u0440\u043e\u0437\u043c\u0456\u0440\u0456 &#8220;\u0432\u0435\u043b\u0438\u043a\u0438\u0439&#8221;. \u041a\u043e\u043c\u043f\u043e\u0437\u0438\u0446\u0456\u044f \u0432\u0438\u043a\u043e\u043d\u0430\u043d\u0430 \u0432 \u044f\u043a\u0456\u0441\u043d\u0456\u0439 \u0432\u0435\u043b\u044e\u0440\u043e\u0432\u0456\u0439 \u043a\u043e\u0440\u043e\u0431\u0446\u0456, \u0434\u043e \u043a\u0432\u0456\u0442\u0456\u0432 \u0454 \u043f\u043e\u0441\u0442\u0456\u0439\u043d\u0438\u0439 \u0434\u043e\u0441\u0442\u0443\u043f \u0443 \u0432\u043e\u0434\u0443, \u0440\u043e\u0437\u0442\u0430\u0448\u043e\u0432\u0443\u044e\u0442\u044c\u0441\u044f \u0443 \u0432\u043e\u043b\u043e\u0433\u0456\u0439 \u0444\u043b\u043e\u0440\u0438\u0441\u0442\u0438\u0447\u043d\u0456\u0439 \u0433\u0443\u0431\u0446\u0456.<\/p>\n","protected":false},"featured_media":1409,"comment_status":"open","ping_status":"closed","template":"","meta":{"site-sidebar-layout":"default","site-content-layout":"default","ast-global-header-display":"","ast-main-header-display":"","ast-hfb-above-header-display":"","ast-hfb-below-header-display":"","ast-hfb-mobile-header-display":"","site-post-title":"","ast-breadcrumbs-content":"","ast-featured-img":"","footer-sml-layout":"","theme-transparent-header-meta":"default","adv-header-id-meta":"","stick-header-meta":"default","header-above-stick-meta":"","header-main-stick-meta":"","header-below-stick-meta":""},"product_cat":[276],"product_tag":[402,400],"class_list":{"0":"post-1907","1":"product","2":"type-product","3":"status-publish","4":"has-post-thumbnail","6":"product_cat-flowerbox-ukr","7":"product_tag-402","8":"product_tag-400","9":"desktop-align-left","10":"tablet-align-left","11":"mobile-align-left","12":"ast-product-gallery-layout-horizontal-slider","13":"ast-product-gallery-with-no-image","14":"ast-product-single-variable","15":"ast-product-tabs-layout-horizontal","17":"first","18":"instock","19":"taxable","20":"shipping-taxable","21":"purchasable","22":"product-type-variable","23":"has-default-attributes"},"yoast_head":"<!-- This site is optimized with the Yoast SEO plugin v23.9 - https:\/\/yoast.com\/wordpress\/plugins\/seo\/ -->\n<title>FloriBox \u0437 \u0447\u0435\u0440\u0432\u043e\u043d\u0438\u043c\u0438 \u0442\u0440\u043e\u044f\u043d\u0434\u0430\u043c\u0438 - Kwiaciarnia Flori<\/title>\n<meta name=\"robots\" content=\"index, follow, max-snippet:-1, max-image-preview:large, max-video-preview:-1\" \/>\n<link rel=\"canonical\" href=\"https:\/\/kwiaciarniaflori.pl\/uk\/kwiaty\/floribox-%d0%b7-%d1%87%d0%b5%d1%80%d0%b2%d0%be%d0%bd%d0%b8%d0%bc%d0%b8-%d1%82%d1%80%d0%be%d1%8f%d0%bd%d0%b4%d0%b0%d0%bc%d0%b8\/\" \/>\n<meta property=\"og:locale\" content=\"uk_UA\" \/>\n<meta property=\"og:type\" content=\"article\" \/>\n<meta property=\"og:title\" content=\"FloriBox \u0437 \u0447\u0435\u0440\u0432\u043e\u043d\u0438\u043c\u0438 \u0442\u0440\u043e\u044f\u043d\u0434\u0430\u043c\u0438 - Kwiaciarnia Flori\" \/>\n<meta property=\"og:description\" content=\"\u041a\u0432\u0456\u0442\u043a\u043e\u0432\u0430 \u043a\u043e\u0440\u043e\u0431\u043a\u0430 \u0437 \u0447\u0435\u0440\u0432\u043e\u043d\u0438\u043c\u0438 \u0442\u0440\u043e\u044f\u043d\u0434\u0430\u043c\u0438. \u041a\u043e\u043c\u043f\u043e\u0437\u0438\u0446\u0456\u044f \u043d\u0430 \u0444\u043e\u0442\u043e \u0432 \u0440\u043e\u0437\u043c\u0456\u0440\u0456 &#8220;\u0432\u0435\u043b\u0438\u043a\u0438\u0439&#8221;. \u041a\u043e\u043c\u043f\u043e\u0437\u0438\u0446\u0456\u044f \u0432\u0438\u043a\u043e\u043d\u0430\u043d\u0430 \u0432 \u044f\u043a\u0456\u0441\u043d\u0456\u0439 \u0432\u0435\u043b\u044e\u0440\u043e\u0432\u0456\u0439 \u043a\u043e\u0440\u043e\u0431\u0446\u0456, \u0434\u043e \u043a\u0432\u0456\u0442\u0456\u0432 \u0454 \u043f\u043e\u0441\u0442\u0456\u0439\u043d\u0438\u0439 \u0434\u043e\u0441\u0442\u0443\u043f \u0443 \u0432\u043e\u0434\u0443, \u0440\u043e\u0437\u0442\u0430\u0448\u043e\u0432\u0443\u044e\u0442\u044c\u0441\u044f \u0443 \u0432\u043e\u043b\u043e\u0433\u0456\u0439 \u0444\u043b\u043e\u0440\u0438\u0441\u0442\u0438\u0447\u043d\u0456\u0439 \u0433\u0443\u0431\u0446\u0456.\" \/>\n<meta property=\"og:url\" content=\"https:\/\/kwiaciarniaflori.pl\/uk\/kwiaty\/floribox-%d0%b7-%d1%87%d0%b5%d1%80%d0%b2%d0%be%d0%bd%d0%b8%d0%bc%d0%b8-%d1%82%d1%80%d0%be%d1%8f%d0%bd%d0%b4%d0%b0%d0%bc%d0%b8\/\" \/>\n<meta property=\"og:site_name\" content=\"Kwiaciarnia Flori\" \/>\n<meta property=\"article:publisher\" content=\"https:\/\/www.facebook.com\/kwiatowyprzystanek\" \/>\n<meta property=\"article:modified_time\" content=\"2024-06-21T21:03:32+00:00\" \/>\n<meta property=\"og:image\" content=\"https:\/\/kwiaciarniaflori.pl\/wp-content\/uploads\/2023\/04\/czerwone-roze-flowerbox.jpg\" \/>\n\t<meta property=\"og:image:width\" content=\"900\" \/>\n\t<meta property=\"og:image:height\" content=\"1200\" \/>\n\t<meta property=\"og:image:type\" content=\"image\/jpeg\" \/>\n<meta name=\"twitter:card\" content=\"summary_large_image\" \/>\n<script type=\"application\/ld+json\" class=\"yoast-schema-graph\">{\"@context\":\"https:\/\/schema.org\",\"@graph\":[{\"@type\":\"WebPage\",\"@id\":\"https:\/\/kwiaciarniaflori.pl\/uk\/kwiaty\/floribox-%d0%b7-%d1%87%d0%b5%d1%80%d0%b2%d0%be%d0%bd%d0%b8%d0%bc%d0%b8-%d1%82%d1%80%d0%be%d1%8f%d0%bd%d0%b4%d0%b0%d0%bc%d0%b8\/\",\"url\":\"https:\/\/kwiaciarniaflori.pl\/uk\/kwiaty\/floribox-%d0%b7-%d1%87%d0%b5%d1%80%d0%b2%d0%be%d0%bd%d0%b8%d0%bc%d0%b8-%d1%82%d1%80%d0%be%d1%8f%d0%bd%d0%b4%d0%b0%d0%bc%d0%b8\/\",\"name\":\"FloriBox \u0437 \u0447\u0435\u0440\u0432\u043e\u043d\u0438\u043c\u0438 \u0442\u0440\u043e\u044f\u043d\u0434\u0430\u043c\u0438 - Kwiaciarnia Flori\",\"isPartOf\":{\"@id\":\"https:\/\/kwiaciarniaflori.pl\/uk\/#website\"},\"primaryImageOfPage\":{\"@id\":\"https:\/\/kwiaciarniaflori.pl\/uk\/kwiaty\/floribox-%d0%b7-%d1%87%d0%b5%d1%80%d0%b2%d0%be%d0%bd%d0%b8%d0%bc%d0%b8-%d1%82%d1%80%d0%be%d1%8f%d0%bd%d0%b4%d0%b0%d0%bc%d0%b8\/#primaryimage\"},\"image\":{\"@id\":\"https:\/\/kwiaciarniaflori.pl\/uk\/kwiaty\/floribox-%d0%b7-%d1%87%d0%b5%d1%80%d0%b2%d0%be%d0%bd%d0%b8%d0%bc%d0%b8-%d1%82%d1%80%d0%be%d1%8f%d0%bd%d0%b4%d0%b0%d0%bc%d0%b8\/#primaryimage\"},\"thumbnailUrl\":\"https:\/\/kwiaciarniaflori.pl\/wp-content\/uploads\/2023\/04\/czerwone-roze-flowerbox.jpg\",\"datePublished\":\"2023-04-02T20:30:42+00:00\",\"dateModified\":\"2024-06-21T21:03:32+00:00\",\"breadcrumb\":{\"@id\":\"https:\/\/kwiaciarniaflori.pl\/uk\/kwiaty\/floribox-%d0%b7-%d1%87%d0%b5%d1%80%d0%b2%d0%be%d0%bd%d0%b8%d0%bc%d0%b8-%d1%82%d1%80%d0%be%d1%8f%d0%bd%d0%b4%d0%b0%d0%bc%d0%b8\/#breadcrumb\"},\"inLanguage\":\"uk\",\"potentialAction\":[{\"@type\":\"ReadAction\",\"target\":[\"https:\/\/kwiaciarniaflori.pl\/uk\/kwiaty\/floribox-%d0%b7-%d1%87%d0%b5%d1%80%d0%b2%d0%be%d0%bd%d0%b8%d0%bc%d0%b8-%d1%82%d1%80%d0%be%d1%8f%d0%bd%d0%b4%d0%b0%d0%bc%d0%b8\/\"]}]},{\"@type\":\"ImageObject\",\"inLanguage\":\"uk\",\"@id\":\"https:\/\/kwiaciarniaflori.pl\/uk\/kwiaty\/floribox-%d0%b7-%d1%87%d0%b5%d1%80%d0%b2%d0%be%d0%bd%d0%b8%d0%bc%d0%b8-%d1%82%d1%80%d0%be%d1%8f%d0%bd%d0%b4%d0%b0%d0%bc%d0%b8\/#primaryimage\",\"url\":\"https:\/\/kwiaciarniaflori.pl\/wp-content\/uploads\/2023\/04\/czerwone-roze-flowerbox.jpg\",\"contentUrl\":\"https:\/\/kwiaciarniaflori.pl\/wp-content\/uploads\/2023\/04\/czerwone-roze-flowerbox.jpg\",\"width\":900,\"height\":1200,\"caption\":\"\u043a\u0432\u0456\u0442\u043a\u043e\u0432\u0430 \u043a\u043e\u0440\u043e\u0431\u043a\u0430 \u0437 \u0447\u0435\u0440\u0432\u043e\u043d\u0438\u043c\u0438 \u0442\u0440\u043e\u044f\u043d\u0434\u0430\u043c\u0438\"},{\"@type\":\"BreadcrumbList\",\"@id\":\"https:\/\/kwiaciarniaflori.pl\/uk\/kwiaty\/floribox-%d0%b7-%d1%87%d0%b5%d1%80%d0%b2%d0%be%d0%bd%d0%b8%d0%bc%d0%b8-%d1%82%d1%80%d0%be%d1%8f%d0%bd%d0%b4%d0%b0%d0%bc%d0%b8\/#breadcrumb\",\"itemListElement\":[{\"@type\":\"ListItem\",\"position\":1,\"name\":\"Strona g\u0142\u00f3wna\",\"item\":\"https:\/\/kwiaciarniaflori.pl\/uk\/?page_id=1478\"},{\"@type\":\"ListItem\",\"position\":2,\"name\":\"Shop\",\"item\":\"https:\/\/kwiaciarniaflori.pl\/uk\/shop\/\"},{\"@type\":\"ListItem\",\"position\":3,\"name\":\"FloriBox \u0437 \u0447\u0435\u0440\u0432\u043e\u043d\u0438\u043c\u0438 \u0442\u0440\u043e\u044f\u043d\u0434\u0430\u043c\u0438\"}]},{\"@type\":\"WebSite\",\"@id\":\"https:\/\/kwiaciarniaflori.pl\/uk\/#website\",\"url\":\"https:\/\/kwiaciarniaflori.pl\/uk\/\",\"name\":\"Kwiaciarnia Flori\",\"description\":\"Kwiaty na ka\u017cd\u0105 okazj\u0119\",\"publisher\":{\"@id\":\"https:\/\/kwiaciarniaflori.pl\/uk\/#organization\"},\"potentialAction\":[{\"@type\":\"SearchAction\",\"target\":{\"@type\":\"EntryPoint\",\"urlTemplate\":\"https:\/\/kwiaciarniaflori.pl\/uk\/?s={search_term_string}\"},\"query-input\":{\"@type\":\"PropertyValueSpecification\",\"valueRequired\":true,\"valueName\":\"search_term_string\"}}],\"inLanguage\":\"uk\"},{\"@type\":\"Organization\",\"@id\":\"https:\/\/kwiaciarniaflori.pl\/uk\/#organization\",\"name\":\"Kwiaciarnia Flori\",\"url\":\"https:\/\/kwiaciarniaflori.pl\/uk\/\",\"logo\":{\"@type\":\"ImageObject\",\"inLanguage\":\"uk\",\"@id\":\"https:\/\/kwiaciarniaflori.pl\/uk\/#\/schema\/logo\/image\/\",\"url\":\"https:\/\/kwiaciarniaflori.pl\/wp-content\/uploads\/2025\/09\/cropped-logo-flori.png\",\"contentUrl\":\"https:\/\/kwiaciarniaflori.pl\/wp-content\/uploads\/2025\/09\/cropped-logo-flori.png\",\"width\":500,\"height\":191,\"caption\":\"Kwiaciarnia Flori\"},\"image\":{\"@id\":\"https:\/\/kwiaciarniaflori.pl\/uk\/#\/schema\/logo\/image\/\"},\"sameAs\":[\"https:\/\/www.facebook.com\/kwiatowyprzystanek\",\"https:\/\/www.instagram.com\/flori_monikakaminska\/\",\"https:\/\/www.tiktok.com\/@flori.mk.flowers\"]}]}<\/script>\n<!-- \/ Yoast SEO plugin. -->","yoast_head_json":{"title":"FloriBox \u0437 \u0447\u0435\u0440\u0432\u043e\u043d\u0438\u043c\u0438 \u0442\u0440\u043e\u044f\u043d\u0434\u0430\u043c\u0438 - Kwiaciarnia Flori","robots":{"index":"index","follow":"follow","max-snippet":"max-snippet:-1","max-image-preview":"max-image-preview:large","max-video-preview":"max-video-preview:-1"},"canonical":"https:\/\/kwiaciarniaflori.pl\/uk\/kwiaty\/floribox-%d0%b7-%d1%87%d0%b5%d1%80%d0%b2%d0%be%d0%bd%d0%b8%d0%bc%d0%b8-%d1%82%d1%80%d0%be%d1%8f%d0%bd%d0%b4%d0%b0%d0%bc%d0%b8\/","og_locale":"uk_UA","og_type":"article","og_title":"FloriBox \u0437 \u0447\u0435\u0440\u0432\u043e\u043d\u0438\u043c\u0438 \u0442\u0440\u043e\u044f\u043d\u0434\u0430\u043c\u0438 - Kwiaciarnia Flori","og_description":"\u041a\u0432\u0456\u0442\u043a\u043e\u0432\u0430 \u043a\u043e\u0440\u043e\u0431\u043a\u0430 \u0437 \u0447\u0435\u0440\u0432\u043e\u043d\u0438\u043c\u0438 \u0442\u0440\u043e\u044f\u043d\u0434\u0430\u043c\u0438. \u041a\u043e\u043c\u043f\u043e\u0437\u0438\u0446\u0456\u044f \u043d\u0430 \u0444\u043e\u0442\u043e \u0432 \u0440\u043e\u0437\u043c\u0456\u0440\u0456 &#8220;\u0432\u0435\u043b\u0438\u043a\u0438\u0439&#8221;. \u041a\u043e\u043c\u043f\u043e\u0437\u0438\u0446\u0456\u044f \u0432\u0438\u043a\u043e\u043d\u0430\u043d\u0430 \u0432 \u044f\u043a\u0456\u0441\u043d\u0456\u0439 \u0432\u0435\u043b\u044e\u0440\u043e\u0432\u0456\u0439 \u043a\u043e\u0440\u043e\u0431\u0446\u0456, \u0434\u043e \u043a\u0432\u0456\u0442\u0456\u0432 \u0454 \u043f\u043e\u0441\u0442\u0456\u0439\u043d\u0438\u0439 \u0434\u043e\u0441\u0442\u0443\u043f \u0443 \u0432\u043e\u0434\u0443, \u0440\u043e\u0437\u0442\u0430\u0448\u043e\u0432\u0443\u044e\u0442\u044c\u0441\u044f \u0443 \u0432\u043e\u043b\u043e\u0433\u0456\u0439 \u0444\u043b\u043e\u0440\u0438\u0441\u0442\u0438\u0447\u043d\u0456\u0439 \u0433\u0443\u0431\u0446\u0456.","og_url":"https:\/\/kwiaciarniaflori.pl\/uk\/kwiaty\/floribox-%d0%b7-%d1%87%d0%b5%d1%80%d0%b2%d0%be%d0%bd%d0%b8%d0%bc%d0%b8-%d1%82%d1%80%d0%be%d1%8f%d0%bd%d0%b4%d0%b0%d0%bc%d0%b8\/","og_site_name":"Kwiaciarnia Flori","article_publisher":"https:\/\/www.facebook.com\/kwiatowyprzystanek","article_modified_time":"2024-06-21T21:03:32+00:00","og_image":[{"width":900,"height":1200,"url":"https:\/\/kwiaciarniaflori.pl\/wp-content\/uploads\/2023\/04\/czerwone-roze-flowerbox.jpg","type":"image\/jpeg"}],"twitter_card":"summary_large_image","schema":{"@context":"https:\/\/schema.org","@graph":[{"@type":"WebPage","@id":"https:\/\/kwiaciarniaflori.pl\/uk\/kwiaty\/floribox-%d0%b7-%d1%87%d0%b5%d1%80%d0%b2%d0%be%d0%bd%d0%b8%d0%bc%d0%b8-%d1%82%d1%80%d0%be%d1%8f%d0%bd%d0%b4%d0%b0%d0%bc%d0%b8\/","url":"https:\/\/kwiaciarniaflori.pl\/uk\/kwiaty\/floribox-%d0%b7-%d1%87%d0%b5%d1%80%d0%b2%d0%be%d0%bd%d0%b8%d0%bc%d0%b8-%d1%82%d1%80%d0%be%d1%8f%d0%bd%d0%b4%d0%b0%d0%bc%d0%b8\/","name":"FloriBox \u0437 \u0447\u0435\u0440\u0432\u043e\u043d\u0438\u043c\u0438 \u0442\u0440\u043e\u044f\u043d\u0434\u0430\u043c\u0438 - Kwiaciarnia Flori","isPartOf":{"@id":"https:\/\/kwiaciarniaflori.pl\/uk\/#website"},"primaryImageOfPage":{"@id":"https:\/\/kwiaciarniaflori.pl\/uk\/kwiaty\/floribox-%d0%b7-%d1%87%d0%b5%d1%80%d0%b2%d0%be%d0%bd%d0%b8%d0%bc%d0%b8-%d1%82%d1%80%d0%be%d1%8f%d0%bd%d0%b4%d0%b0%d0%bc%d0%b8\/#primaryimage"},"image":{"@id":"https:\/\/kwiaciarniaflori.pl\/uk\/kwiaty\/floribox-%d0%b7-%d1%87%d0%b5%d1%80%d0%b2%d0%be%d0%bd%d0%b8%d0%bc%d0%b8-%d1%82%d1%80%d0%be%d1%8f%d0%bd%d0%b4%d0%b0%d0%bc%d0%b8\/#primaryimage"},"thumbnailUrl":"https:\/\/kwiaciarniaflori.pl\/wp-content\/uploads\/2023\/04\/czerwone-roze-flowerbox.jpg","datePublished":"2023-04-02T20:30:42+00:00","dateModified":"2024-06-21T21:03:32+00:00","breadcrumb":{"@id":"https:\/\/kwiaciarniaflori.pl\/uk\/kwiaty\/floribox-%d0%b7-%d1%87%d0%b5%d1%80%d0%b2%d0%be%d0%bd%d0%b8%d0%bc%d0%b8-%d1%82%d1%80%d0%be%d1%8f%d0%bd%d0%b4%d0%b0%d0%bc%d0%b8\/#breadcrumb"},"inLanguage":"uk","potentialAction":[{"@type":"ReadAction","target":["https:\/\/kwiaciarniaflori.pl\/uk\/kwiaty\/floribox-%d0%b7-%d1%87%d0%b5%d1%80%d0%b2%d0%be%d0%bd%d0%b8%d0%bc%d0%b8-%d1%82%d1%80%d0%be%d1%8f%d0%bd%d0%b4%d0%b0%d0%bc%d0%b8\/"]}]},{"@type":"ImageObject","inLanguage":"uk","@id":"https:\/\/kwiaciarniaflori.pl\/uk\/kwiaty\/floribox-%d0%b7-%d1%87%d0%b5%d1%80%d0%b2%d0%be%d0%bd%d0%b8%d0%bc%d0%b8-%d1%82%d1%80%d0%be%d1%8f%d0%bd%d0%b4%d0%b0%d0%bc%d0%b8\/#primaryimage","url":"https:\/\/kwiaciarniaflori.pl\/wp-content\/uploads\/2023\/04\/czerwone-roze-flowerbox.jpg","contentUrl":"https:\/\/kwiaciarniaflori.pl\/wp-content\/uploads\/2023\/04\/czerwone-roze-flowerbox.jpg","width":900,"height":1200,"caption":"\u043a\u0432\u0456\u0442\u043a\u043e\u0432\u0430 \u043a\u043e\u0440\u043e\u0431\u043a\u0430 \u0437 \u0447\u0435\u0440\u0432\u043e\u043d\u0438\u043c\u0438 \u0442\u0440\u043e\u044f\u043d\u0434\u0430\u043c\u0438"},{"@type":"BreadcrumbList","@id":"https:\/\/kwiaciarniaflori.pl\/uk\/kwiaty\/floribox-%d0%b7-%d1%87%d0%b5%d1%80%d0%b2%d0%be%d0%bd%d0%b8%d0%bc%d0%b8-%d1%82%d1%80%d0%be%d1%8f%d0%bd%d0%b4%d0%b0%d0%bc%d0%b8\/#breadcrumb","itemListElement":[{"@type":"ListItem","position":1,"name":"Strona g\u0142\u00f3wna","item":"https:\/\/kwiaciarniaflori.pl\/uk\/?page_id=1478"},{"@type":"ListItem","position":2,"name":"Shop","item":"https:\/\/kwiaciarniaflori.pl\/uk\/shop\/"},{"@type":"ListItem","position":3,"name":"FloriBox \u0437 \u0447\u0435\u0440\u0432\u043e\u043d\u0438\u043c\u0438 \u0442\u0440\u043e\u044f\u043d\u0434\u0430\u043c\u0438"}]},{"@type":"WebSite","@id":"https:\/\/kwiaciarniaflori.pl\/uk\/#website","url":"https:\/\/kwiaciarniaflori.pl\/uk\/","name":"Kwiaciarnia Flori","description":"Kwiaty na ka\u017cd\u0105 okazj\u0119","publisher":{"@id":"https:\/\/kwiaciarniaflori.pl\/uk\/#organization"},"potentialAction":[{"@type":"SearchAction","target":{"@type":"EntryPoint","urlTemplate":"https:\/\/kwiaciarniaflori.pl\/uk\/?s={search_term_string}"},"query-input":{"@type":"PropertyValueSpecification","valueRequired":true,"valueName":"search_term_string"}}],"inLanguage":"uk"},{"@type":"Organization","@id":"https:\/\/kwiaciarniaflori.pl\/uk\/#organization","name":"Kwiaciarnia Flori","url":"https:\/\/kwiaciarniaflori.pl\/uk\/","logo":{"@type":"ImageObject","inLanguage":"uk","@id":"https:\/\/kwiaciarniaflori.pl\/uk\/#\/schema\/logo\/image\/","url":"https:\/\/kwiaciarniaflori.pl\/wp-content\/uploads\/2025\/09\/cropped-logo-flori.png","contentUrl":"https:\/\/kwiaciarniaflori.pl\/wp-content\/uploads\/2025\/09\/cropped-logo-flori.png","width":500,"height":191,"caption":"Kwiaciarnia Flori"},"image":{"@id":"https:\/\/kwiaciarniaflori.pl\/uk\/#\/schema\/logo\/image\/"},"sameAs":["https:\/\/www.facebook.com\/kwiatowyprzystanek","https:\/\/www.instagram.com\/flori_monikakaminska\/","https:\/\/www.tiktok.com\/@flori.mk.flowers"]}]}},"_links":{"self":[{"href":"https:\/\/kwiaciarniaflori.pl\/uk\/wp-json\/wp\/v2\/product\/1907","targetHints":{"allow":["GET"]}}],"collection":[{"href":"https:\/\/kwiaciarniaflori.pl\/uk\/wp-json\/wp\/v2\/product"}],"about":[{"href":"https:\/\/kwiaciarniaflori.pl\/uk\/wp-json\/wp\/v2\/types\/product"}],"replies":[{"embeddable":true,"href":"https:\/\/kwiaciarniaflori.pl\/uk\/wp-json\/wp\/v2\/comments?post=1907"}],"version-history":[{"count":1,"href":"https:\/\/kwiaciarniaflori.pl\/uk\/wp-json\/wp\/v2\/product\/1907\/revisions"}],"predecessor-version":[{"id":1919,"href":"https:\/\/kwiaciarniaflori.pl\/uk\/wp-json\/wp\/v2\/product\/1907\/revisions\/1919"}],"wp:featuredmedia":[{"embeddable":true,"href":"https:\/\/kwiaciarniaflori.pl\/uk\/wp-json\/wp\/v2\/media\/1409"}],"wp:attachment":[{"href":"https:\/\/kwiaciarniaflori.pl\/uk\/wp-json\/wp\/v2\/media?parent=1907"}],"wp:term":[{"taxonomy":"product_cat","embeddable":true,"href":"https:\/\/kwiaciarniaflori.pl\/uk\/wp-json\/wp\/v2\/product_cat?post=1907"},{"taxonomy":"product_tag","embeddable":true,"href":"https:\/\/kwiaciarniaflori.pl\/uk\/wp-json\/wp\/v2\/product_tag?post=1907"}],"curies":[{"name":"wp","href":"https:\/\/api.w.org\/{rel}","templated":true}]}}